{"id":381,"date":"2025-10-22T15:33:24","date_gmt":"2025-10-22T15:33:24","guid":{"rendered":"http:\/\/www.plantamed.net\/?page_id=381"},"modified":"2025-10-22T16:15:40","modified_gmt":"2025-10-22T16:15:40","slug":"newsroom","status":"publish","type":"page","link":"http:\/\/www.plantamed.net\/sv\/newsroom\/","title":{"rendered":"Nyheter"},"content":{"rendered":"<div data-elementor-type=\"wp-page\" data-elementor-id=\"381\" class=\"elementor elementor-381\" data-elementor-post-type=\"page\">\n\t\t\t\t<div class=\"elementor-element elementor-element-ba4741e e-flex e-con-boxed e-con e-parent\" data-id=\"ba4741e\" data-element_type=\"container\">\n\t\t\t\t\t<div class=\"e-con-inner\">\n\t\t\t\t<div class=\"elementor-element elementor-element-61fe56d animated-slow elementor-invisible elementor-widget elementor-widget-heading\" data-id=\"61fe56d\" data-element_type=\"widget\" data-settings=\"{&quot;_animation&quot;:&quot;fadeInUp&quot;}\" data-widget_type=\"heading.default\">\n\t\t\t\t\t<h2 class=\"elementor-heading-title elementor-size-default\">Nyheter<\/h2>\t\t\t\t<\/div>\n\t\t\t\t<div class=\"elementor-element elementor-element-6c21027 elementor-widget__width-initial elementor-widget elementor-widget-text-editor\" data-id=\"6c21027\" data-element_type=\"widget\" data-widget_type=\"text-editor.default\">\n\t\t\t\t\t\t\t\t\tUtforska v\u00e5ra senaste nyheter, insikter och uppdateringar fr\u00e5n hj\u00e4rtat av S\u00f6rmland. H\u00e4r delar vi ber\u00e4ttelser om innovation, tillverkningsexcellens, ny produktutveckling och de m\u00e4nniskor som g\u00f6r allt m\u00f6jligt.\t\t\t\t\t\t\t\t<\/div>\n\t\t\t\t\t<\/div>\n\t\t\t\t<\/div>\n\t\t<div class=\"elementor-element elementor-element-c1b04c4 e-con-full e-flex e-con e-parent\" data-id=\"c1b04c4\" data-element_type=\"container\">\n\t\t\t\t<div class=\"elementor-element elementor-element-2701d1a elementor-grid-3 elementor-widget__width-initial elementor-grid-tablet-2 elementor-grid-mobile-1 elementor-widget elementor-widget-loop-grid\" data-id=\"2701d1a\" data-element_type=\"widget\" data-settings=\"{&quot;template_id&quot;:239,&quot;columns&quot;:3,&quot;row_gap&quot;:{&quot;unit&quot;:&quot;px&quot;,&quot;size&quot;:20,&quot;sizes&quot;:[]},&quot;_skin&quot;:&quot;post&quot;,&quot;columns_tablet&quot;:&quot;2&quot;,&quot;columns_mobile&quot;:&quot;1&quot;,&quot;edit_handle_selector&quot;:&quot;[data-elementor-type=\\&quot;loop-item\\&quot;]&quot;,&quot;row_gap_tablet&quot;:{&quot;unit&quot;:&quot;px&quot;,&quot;size&quot;:&quot;&quot;,&quot;sizes&quot;:[]},&quot;row_gap_mobile&quot;:{&quot;unit&quot;:&quot;px&quot;,&quot;size&quot;:&quot;&quot;,&quot;sizes&quot;:[]}}\" data-widget_type=\"loop-grid.post\">\n\t\t\t\t<div class=\"elementor-widget-container\">\n\t\t\t\t\t\t\t<div class=\"elementor-loop-container elementor-grid\" role=\"list\">\n\t\t<style id=\"loop-239\">.elementor-239 .elementor-element.elementor-element-bb613bb{--display:flex;--gap:0px 0px;--row-gap:0px;--column-gap:0px;border-style:solid;--border-style:solid;border-width:1px 1px 1px 1px;--border-top-width:1px;--border-right-width:1px;--border-bottom-width:1px;--border-left-width:1px;border-color:#16759121;--border-color:#16759121;--border-radius:5px 5px 5px 5px;--padding-top:0px;--padding-bottom:0px;--padding-left:0px;--padding-right:0px;}.elementor-widget-theme-post-featured-image .widget-image-caption{color:var( --e-global-color-text );font-family:var( --e-global-typography-text-font-family ), Sans-serif;font-weight:var( --e-global-typography-text-font-weight );}.elementor-239 .elementor-element.elementor-element-c0557d3 img{width:100%;height:100%;object-fit:cover;object-position:center center;filter:brightness( 35% ) contrast( 100% ) saturate( 100% ) blur( 0px ) hue-rotate( 0deg );}.elementor-239 .elementor-element.elementor-element-12fd5f9{--display:flex;--flex-direction:column;--container-widget-width:100%;--container-widget-height:initial;--container-widget-flex-grow:0;--container-widget-align-self:initial;--flex-wrap-mobile:wrap;--gap:10px 0px;--row-gap:10px;--column-gap:0px;--border-radius:0px 0px 5px 5px;--margin-top:0px;--margin-bottom:0px;--margin-left:0px;--margin-right:0px;--padding-top:15px;--padding-bottom:15px;--padding-left:15px;--padding-right:15px;}.elementor-239 .elementor-element.elementor-element-12fd5f9:not(.elementor-motion-effects-element-type-background), .elementor-239 .elementor-element.elementor-element-12fd5f9 > .elementor-motion-effects-container > .elementor-motion-effects-layer{background-color:var( --e-global-color-accent );}.elementor-widget-theme-post-title .elementor-heading-title{font-family:var( --e-global-typography-primary-font-family ), Sans-serif;font-weight:var( --e-global-typography-primary-font-weight );color:var( --e-global-color-primary );}.elementor-239 .elementor-element.elementor-element-cf22f56{text-align:start;}.elementor-239 .elementor-element.elementor-element-cf22f56 .elementor-heading-title{font-family:\"Open Sans\", Sans-serif;font-size:25px;font-weight:500;line-height:32px;color:var( --e-global-color-secondary );}.elementor-widget-post-info .elementor-icon-list-item:not(:last-child):after{border-color:var( --e-global-color-text );}.elementor-widget-post-info .elementor-icon-list-icon i{color:var( --e-global-color-primary );}.elementor-widget-post-info .elementor-icon-list-icon svg{fill:var( --e-global-color-primary );}.elementor-widget-post-info .elementor-icon-list-text, .elementor-widget-post-info .elementor-icon-list-text a{color:var( --e-global-color-secondary );}.elementor-widget-post-info .elementor-icon-list-item{font-family:var( --e-global-typography-text-font-family ), Sans-serif;font-weight:var( --e-global-typography-text-font-weight );}.elementor-239 .elementor-element.elementor-element-3d27e92 .elementor-icon-list-icon{width:14px;}.elementor-239 .elementor-element.elementor-element-3d27e92 .elementor-icon-list-icon i{font-size:14px;}.elementor-239 .elementor-element.elementor-element-3d27e92 .elementor-icon-list-icon svg{--e-icon-list-icon-size:14px;}.elementor-239 .elementor-element.elementor-element-3d27e92 .elementor-icon-list-item{font-family:\"Open Sans\", Sans-serif;font-size:13px;font-weight:500;text-transform:uppercase;}@media(max-width:767px){.elementor-239 .elementor-element.elementor-element-cf22f56 .elementor-heading-title{font-size:20px;line-height:1.4em;}.elementor-239 .elementor-element.elementor-element-3d27e92 .elementor-icon-list-item{font-size:12px;}}<\/style>\t\t<div data-elementor-type=\"loop-item\" data-elementor-id=\"239\" class=\"elementor elementor-239 e-loop-item e-loop-item-986 post-986 post type-post status-publish format-standard has-post-thumbnail hentry category-homeopathy-education category-featured-articles category-nutrition-supplements tag-age-related tag-cellular-rejuvenation tag-immune-system tag-kidneys tag-matabolism tag-mitochondrial-function tag-oxidative-stress tag-reactive-oxygen-species-ros\" data-elementor-post-type=\"elementor_library\" data-custom-edit-handle=\"1\">\n\t\t\t<article class=\"elementor-element elementor-element-bb613bb e-con-full e-flex e-con e-parent\" data-id=\"bb613bb\" data-element_type=\"container\">\n\t\t\t\t<div class=\"elementor-element elementor-element-c0557d3 elementor-widget elementor-widget-theme-post-featured-image elementor-widget-image\" data-id=\"c0557d3\" data-element_type=\"widget\" data-widget_type=\"theme-post-featured-image.default\">\n\t\t\t\t\t\t\t\t\t\t\t\t\t\t\t<img fetchpriority=\"high\" decoding=\"async\" width=\"711\" height=\"297\" src=\"http:\/\/www.plantamed.net\/wp-content\/uploads\/2026\/04\/image.jpeg\" class=\"attachment-large size-large wp-image-987\" alt=\"\" srcset=\"http:\/\/www.plantamed.net\/wp-content\/uploads\/2026\/04\/image.jpeg 711w, http:\/\/www.plantamed.net\/wp-content\/uploads\/2026\/04\/image-300x125.jpeg 300w, http:\/\/www.plantamed.net\/wp-content\/uploads\/2026\/04\/image-18x8.jpeg 18w, http:\/\/www.plantamed.net\/wp-content\/uploads\/2026\/04\/image-600x251.jpeg 600w\" sizes=\"(max-width: 711px) 100vw, 711px\" \/>\t\t\t\t\t\t\t\t\t\t\t\t\t\t\t<\/div>\n\t\t<div class=\"elementor-element elementor-element-12fd5f9 e-con-full e-flex e-con e-child\" data-id=\"12fd5f9\" data-element_type=\"container\" data-settings=\"{&quot;background_background&quot;:&quot;classic&quot;}\">\n\t\t\t\t<div class=\"elementor-element elementor-element-cf22f56 elementor-widget elementor-widget-theme-post-title elementor-page-title elementor-widget-heading\" data-id=\"cf22f56\" data-element_type=\"widget\" data-widget_type=\"theme-post-title.default\">\n\t\t\t\t\t<h1 class=\"elementor-heading-title elementor-size-default\"><a href=\"http:\/\/www.plantamed.net\/sv\/oxidative-stress-and-its-role-in-human-health\/\">Oxidative Stress and Its Role in Human Health.<\/a><\/h1>\t\t\t\t<\/div>\n\t\t\t\t<div class=\"elementor-element elementor-element-3d27e92 elementor-align-left elementor-widget elementor-widget-post-info\" data-id=\"3d27e92\" data-element_type=\"widget\" data-widget_type=\"post-info.default\">\n\t\t\t\t\t\t\t<ul class=\"elementor-inline-items elementor-icon-list-items elementor-post-info\">\n\t\t\t\t\t\t\t\t<li class=\"elementor-icon-list-item elementor-repeater-item-99d4975 elementor-inline-item\" itemprop=\"datePublished\">\n\t\t\t\t\t\t\t\t\t\t\t\t\t<span class=\"elementor-icon-list-text elementor-post-info__item elementor-post-info__item--type-date\">\n\t\t\t\t\t\t\t\t\t\t<time>april 15, 2026<\/time>\t\t\t\t\t<\/span>\n\t\t\t\t\t\t\t\t<\/li>\n\t\t\t\t<\/ul>\n\t\t\t\t\t\t<\/div>\n\t\t\t\t<\/div>\n\t\t\t\t<\/article>\n\t\t\t\t<\/div>\n\t\t\t\t<div data-elementor-type=\"loop-item\" data-elementor-id=\"239\" class=\"elementor elementor-239 e-loop-item e-loop-item-813 post-813 post type-post status-publish format-standard has-post-thumbnail hentry category-featured-articles\" data-elementor-post-type=\"elementor_library\" data-custom-edit-handle=\"1\">\n\t\t\t<article class=\"elementor-element elementor-element-bb613bb e-con-full e-flex e-con e-parent\" data-id=\"bb613bb\" data-element_type=\"container\">\n\t\t\t\t<div class=\"elementor-element elementor-element-c0557d3 elementor-widget elementor-widget-theme-post-featured-image elementor-widget-image\" data-id=\"c0557d3\" data-element_type=\"widget\" data-widget_type=\"theme-post-featured-image.default\">\n\t\t\t\t\t\t\t\t\t\t\t\t\t\t\t<img decoding=\"async\" width=\"800\" height=\"800\" src=\"http:\/\/www.plantamed.net\/wp-content\/uploads\/2025\/10\/anti-aging.webp\" class=\"attachment-large size-large wp-image-789\" alt=\"\" srcset=\"http:\/\/www.plantamed.net\/wp-content\/uploads\/2025\/10\/anti-aging.webp 1024w, http:\/\/www.plantamed.net\/wp-content\/uploads\/2025\/10\/anti-aging-300x300.webp 300w, http:\/\/www.plantamed.net\/wp-content\/uploads\/2025\/10\/anti-aging-150x150.webp 150w, http:\/\/www.plantamed.net\/wp-content\/uploads\/2025\/10\/anti-aging-768x768.webp 768w, http:\/\/www.plantamed.net\/wp-content\/uploads\/2025\/10\/anti-aging-12x12.webp 12w, http:\/\/www.plantamed.net\/wp-content\/uploads\/2025\/10\/anti-aging-600x600.webp 600w, http:\/\/www.plantamed.net\/wp-content\/uploads\/2025\/10\/anti-aging-100x100.webp 100w\" sizes=\"(max-width: 800px) 100vw, 800px\" \/>\t\t\t\t\t\t\t\t\t\t\t\t\t\t\t<\/div>\n\t\t<div class=\"elementor-element elementor-element-12fd5f9 e-con-full e-flex e-con e-child\" data-id=\"12fd5f9\" data-element_type=\"container\" data-settings=\"{&quot;background_background&quot;:&quot;classic&quot;}\">\n\t\t\t\t<div class=\"elementor-element elementor-element-cf22f56 elementor-widget elementor-widget-theme-post-title elementor-page-title elementor-widget-heading\" data-id=\"cf22f56\" data-element_type=\"widget\" data-widget_type=\"theme-post-title.default\">\n\t\t\t\t\t<h1 class=\"elementor-heading-title elementor-size-default\"><a href=\"http:\/\/www.plantamed.net\/sv\/plantamed-unveils-new-brand-identity-as-it-goes-global-with-advanced-anti-aging-innovation\/\">Plantamed presenterar ny varum\u00e4rkesidentitet i global satsning med avancerad anti-aging-innovation<\/a><\/h1>\t\t\t\t<\/div>\n\t\t\t\t<div class=\"elementor-element elementor-element-3d27e92 elementor-align-left elementor-widget elementor-widget-post-info\" data-id=\"3d27e92\" data-element_type=\"widget\" data-widget_type=\"post-info.default\">\n\t\t\t\t\t\t\t<ul class=\"elementor-inline-items elementor-icon-list-items elementor-post-info\">\n\t\t\t\t\t\t\t\t<li class=\"elementor-icon-list-item elementor-repeater-item-99d4975 elementor-inline-item\" itemprop=\"datePublished\">\n\t\t\t\t\t\t\t\t\t\t\t\t\t<span class=\"elementor-icon-list-text elementor-post-info__item elementor-post-info__item--type-date\">\n\t\t\t\t\t\t\t\t\t\t<time>11 november 2025<\/time>\t\t\t\t\t<\/span>\n\t\t\t\t\t\t\t\t<\/li>\n\t\t\t\t<\/ul>\n\t\t\t\t\t\t<\/div>\n\t\t\t\t<\/div>\n\t\t\t\t<\/article>\n\t\t\t\t<\/div>\n\t\t\t\t<\/div>\n\t\t\n\t\t\t\t\t\t<\/div>\n\t\t\t\t<\/div>\n\t\t\t\t<\/div>\n\t\t<div class=\"elementor-element elementor-element-a9b37a2 e-con-full e-flex e-con e-parent\" data-id=\"a9b37a2\" data-element_type=\"container\">\n\t\t\t\t<div class=\"elementor-element elementor-element-6edc0cb elementor-grid-3 elementor-widget__width-initial elementor-grid-tablet-2 elementor-grid-mobile-1 elementor-widget elementor-widget-loop-grid\" data-id=\"6edc0cb\" data-element_type=\"widget\" data-settings=\"{&quot;template_id&quot;:239,&quot;columns&quot;:3,&quot;row_gap&quot;:{&quot;unit&quot;:&quot;px&quot;,&quot;size&quot;:20,&quot;sizes&quot;:[]},&quot;_skin&quot;:&quot;post&quot;,&quot;columns_tablet&quot;:&quot;2&quot;,&quot;columns_mobile&quot;:&quot;1&quot;,&quot;edit_handle_selector&quot;:&quot;[data-elementor-type=\\&quot;loop-item\\&quot;]&quot;,&quot;row_gap_tablet&quot;:{&quot;unit&quot;:&quot;px&quot;,&quot;size&quot;:&quot;&quot;,&quot;sizes&quot;:[]},&quot;row_gap_mobile&quot;:{&quot;unit&quot;:&quot;px&quot;,&quot;size&quot;:&quot;&quot;,&quot;sizes&quot;:[]}}\" data-widget_type=\"loop-grid.post\">\n\t\t\t\t<div class=\"elementor-widget-container\">\n\t\t\t\t\t\t\t<div class=\"elementor-loop-container elementor-grid\" role=\"list\">\n\t\t\t\t<div data-elementor-type=\"loop-item\" data-elementor-id=\"239\" class=\"elementor elementor-239 e-loop-item e-loop-item-986 post-986 post type-post status-publish format-standard has-post-thumbnail hentry category-homeopathy-education category-featured-articles category-nutrition-supplements tag-age-related tag-cellular-rejuvenation tag-immune-system tag-kidneys tag-matabolism tag-mitochondrial-function tag-oxidative-stress tag-reactive-oxygen-species-ros\" data-elementor-post-type=\"elementor_library\" data-custom-edit-handle=\"1\">\n\t\t\t<article class=\"elementor-element elementor-element-bb613bb e-con-full e-flex e-con e-parent\" data-id=\"bb613bb\" data-element_type=\"container\">\n\t\t\t\t<div class=\"elementor-element elementor-element-c0557d3 elementor-widget elementor-widget-theme-post-featured-image elementor-widget-image\" data-id=\"c0557d3\" data-element_type=\"widget\" data-widget_type=\"theme-post-featured-image.default\">\n\t\t\t\t\t\t\t\t\t\t\t\t\t\t\t<img fetchpriority=\"high\" decoding=\"async\" width=\"711\" height=\"297\" src=\"http:\/\/www.plantamed.net\/wp-content\/uploads\/2026\/04\/image.jpeg\" class=\"attachment-large size-large wp-image-987\" alt=\"\" srcset=\"http:\/\/www.plantamed.net\/wp-content\/uploads\/2026\/04\/image.jpeg 711w, http:\/\/www.plantamed.net\/wp-content\/uploads\/2026\/04\/image-300x125.jpeg 300w, http:\/\/www.plantamed.net\/wp-content\/uploads\/2026\/04\/image-18x8.jpeg 18w, http:\/\/www.plantamed.net\/wp-content\/uploads\/2026\/04\/image-600x251.jpeg 600w\" sizes=\"(max-width: 711px) 100vw, 711px\" \/>\t\t\t\t\t\t\t\t\t\t\t\t\t\t\t<\/div>\n\t\t<div class=\"elementor-element elementor-element-12fd5f9 e-con-full e-flex e-con e-child\" data-id=\"12fd5f9\" data-element_type=\"container\" data-settings=\"{&quot;background_background&quot;:&quot;classic&quot;}\">\n\t\t\t\t<div class=\"elementor-element elementor-element-cf22f56 elementor-widget elementor-widget-theme-post-title elementor-page-title elementor-widget-heading\" data-id=\"cf22f56\" data-element_type=\"widget\" data-widget_type=\"theme-post-title.default\">\n\t\t\t\t\t<h1 class=\"elementor-heading-title elementor-size-default\"><a href=\"http:\/\/www.plantamed.net\/sv\/oxidative-stress-and-its-role-in-human-health\/\">Oxidative Stress and Its Role in Human Health.<\/a><\/h1>\t\t\t\t<\/div>\n\t\t\t\t<div class=\"elementor-element elementor-element-3d27e92 elementor-align-left elementor-widget elementor-widget-post-info\" data-id=\"3d27e92\" data-element_type=\"widget\" data-widget_type=\"post-info.default\">\n\t\t\t\t\t\t\t<ul class=\"elementor-inline-items elementor-icon-list-items elementor-post-info\">\n\t\t\t\t\t\t\t\t<li class=\"elementor-icon-list-item elementor-repeater-item-99d4975 elementor-inline-item\" itemprop=\"datePublished\">\n\t\t\t\t\t\t\t\t\t\t\t\t\t<span class=\"elementor-icon-list-text elementor-post-info__item elementor-post-info__item--type-date\">\n\t\t\t\t\t\t\t\t\t\t<time>april 15, 2026<\/time>\t\t\t\t\t<\/span>\n\t\t\t\t\t\t\t\t<\/li>\n\t\t\t\t<\/ul>\n\t\t\t\t\t\t<\/div>\n\t\t\t\t<\/div>\n\t\t\t\t<\/article>\n\t\t\t\t<\/div>\n\t\t\t\t<div data-elementor-type=\"loop-item\" data-elementor-id=\"239\" class=\"elementor elementor-239 e-loop-item e-loop-item-813 post-813 post type-post status-publish format-standard has-post-thumbnail hentry category-featured-articles\" data-elementor-post-type=\"elementor_library\" data-custom-edit-handle=\"1\">\n\t\t\t<article class=\"elementor-element elementor-element-bb613bb e-con-full e-flex e-con e-parent\" data-id=\"bb613bb\" data-element_type=\"container\">\n\t\t\t\t<div class=\"elementor-element elementor-element-c0557d3 elementor-widget elementor-widget-theme-post-featured-image elementor-widget-image\" data-id=\"c0557d3\" data-element_type=\"widget\" data-widget_type=\"theme-post-featured-image.default\">\n\t\t\t\t\t\t\t\t\t\t\t\t\t\t\t<img decoding=\"async\" width=\"800\" height=\"800\" src=\"http:\/\/www.plantamed.net\/wp-content\/uploads\/2025\/10\/anti-aging.webp\" class=\"attachment-large size-large wp-image-789\" alt=\"\" srcset=\"http:\/\/www.plantamed.net\/wp-content\/uploads\/2025\/10\/anti-aging.webp 1024w, http:\/\/www.plantamed.net\/wp-content\/uploads\/2025\/10\/anti-aging-300x300.webp 300w, http:\/\/www.plantamed.net\/wp-content\/uploads\/2025\/10\/anti-aging-150x150.webp 150w, http:\/\/www.plantamed.net\/wp-content\/uploads\/2025\/10\/anti-aging-768x768.webp 768w, http:\/\/www.plantamed.net\/wp-content\/uploads\/2025\/10\/anti-aging-12x12.webp 12w, http:\/\/www.plantamed.net\/wp-content\/uploads\/2025\/10\/anti-aging-600x600.webp 600w, http:\/\/www.plantamed.net\/wp-content\/uploads\/2025\/10\/anti-aging-100x100.webp 100w\" sizes=\"(max-width: 800px) 100vw, 800px\" \/>\t\t\t\t\t\t\t\t\t\t\t\t\t\t\t<\/div>\n\t\t<div class=\"elementor-element elementor-element-12fd5f9 e-con-full e-flex e-con e-child\" data-id=\"12fd5f9\" data-element_type=\"container\" data-settings=\"{&quot;background_background&quot;:&quot;classic&quot;}\">\n\t\t\t\t<div class=\"elementor-element elementor-element-cf22f56 elementor-widget elementor-widget-theme-post-title elementor-page-title elementor-widget-heading\" data-id=\"cf22f56\" data-element_type=\"widget\" data-widget_type=\"theme-post-title.default\">\n\t\t\t\t\t<h1 class=\"elementor-heading-title elementor-size-default\"><a href=\"http:\/\/www.plantamed.net\/sv\/plantamed-unveils-new-brand-identity-as-it-goes-global-with-advanced-anti-aging-innovation\/\">Plantamed presenterar ny varum\u00e4rkesidentitet i global satsning med avancerad anti-aging-innovation<\/a><\/h1>\t\t\t\t<\/div>\n\t\t\t\t<div class=\"elementor-element elementor-element-3d27e92 elementor-align-left elementor-widget elementor-widget-post-info\" data-id=\"3d27e92\" data-element_type=\"widget\" data-widget_type=\"post-info.default\">\n\t\t\t\t\t\t\t<ul class=\"elementor-inline-items elementor-icon-list-items elementor-post-info\">\n\t\t\t\t\t\t\t\t<li class=\"elementor-icon-list-item elementor-repeater-item-99d4975 elementor-inline-item\" itemprop=\"datePublished\">\n\t\t\t\t\t\t\t\t\t\t\t\t\t<span class=\"elementor-icon-list-text elementor-post-info__item elementor-post-info__item--type-date\">\n\t\t\t\t\t\t\t\t\t\t<time>11 november 2025<\/time>\t\t\t\t\t<\/span>\n\t\t\t\t\t\t\t\t<\/li>\n\t\t\t\t<\/ul>\n\t\t\t\t\t\t<\/div>\n\t\t\t\t<\/div>\n\t\t\t\t<\/article>\n\t\t\t\t<\/div>\n\t\t\t\t<\/div>\n\t\t\n\t\t\t\t\t\t<\/div>\n\t\t\t\t<\/div>\n\t\t\t\t<\/div>\n\t\t<div class=\"elementor-element elementor-element-c6b9d3d e-con-full e-flex e-con e-parent\" data-id=\"c6b9d3d\" data-element_type=\"container\" data-settings=\"{&quot;background_background&quot;:&quot;classic&quot;}\">\n\t\t\t\t<div class=\"elementor-element elementor-element-9768082 elementor-headline--style-highlight elementor-widget elementor-widget-animated-headline\" data-id=\"9768082\" data-element_type=\"widget\" data-settings=\"{&quot;marker&quot;:&quot;underline&quot;,&quot;highlighted_text&quot;:&quot;PLANTAMED&quot;,&quot;headline_style&quot;:&quot;highlight&quot;,&quot;loop&quot;:&quot;yes&quot;,&quot;highlight_animation_duration&quot;:1200,&quot;highlight_iteration_delay&quot;:8000}\" data-widget_type=\"animated-headline.default\">\n\t\t\t\t\t\t\t<h1 class=\"elementor-headline\">\n\t\t\t\t<span class=\"elementor-headline-dynamic-wrapper elementor-headline-text-wrapper\">\n\t\t\t\t\t<span class=\"elementor-headline-dynamic-text elementor-headline-text-active\">PLANTAMED<\/span>\n\t\t\t\t<\/span>\n\t\t\t\t<\/h1>\n\t\t\t\t\t\t<\/div>\n\t\t\t\t<\/div>\n\t\t\t\t<\/div>","protected":false},"excerpt":{"rendered":"<p>Nyhetsrum Utforska v\u00e5ra senaste nyheter, insikter och uppdateringar fr\u00e5n hj\u00e4rtat av S\u00f6rmland. H\u00e4r delar vi ber\u00e4ttelser om innovation, tillverkningsexcellens, ny produktutveckling och m\u00e4nniskorna som g\u00f6r allt m\u00f6jligt. PLANTAMED<\/p>","protected":false},"author":1,"featured_media":0,"parent":0,"menu_order":0,"comment_status":"closed","ping_status":"closed","template":"","meta":{"footnotes":""},"class_list":["post-381","page","type-page","status-publish","hentry"],"_links":{"self":[{"href":"http:\/\/www.plantamed.net\/sv\/wp-json\/wp\/v2\/pages\/381","targetHints":{"allow":["GET"]}}],"collection":[{"href":"http:\/\/www.plantamed.net\/sv\/wp-json\/wp\/v2\/pages"}],"about":[{"href":"http:\/\/www.plantamed.net\/sv\/wp-json\/wp\/v2\/types\/page"}],"author":[{"embeddable":true,"href":"http:\/\/www.plantamed.net\/sv\/wp-json\/wp\/v2\/users\/1"}],"replies":[{"embeddable":true,"href":"http:\/\/www.plantamed.net\/sv\/wp-json\/wp\/v2\/comments?post=381"}],"version-history":[{"count":4,"href":"http:\/\/www.plantamed.net\/sv\/wp-json\/wp\/v2\/pages\/381\/revisions"}],"predecessor-version":[{"id":388,"href":"http:\/\/www.plantamed.net\/sv\/wp-json\/wp\/v2\/pages\/381\/revisions\/388"}],"wp:attachment":[{"href":"http:\/\/www.plantamed.net\/sv\/wp-json\/wp\/v2\/media?parent=381"}],"curies":[{"name":"wp","href":"https:\/\/api.w.org\/{rel}","templated":true}]}}