{"id":394,"date":"2025-10-22T16:28:28","date_gmt":"2025-10-22T16:28:28","guid":{"rendered":"http:\/\/www.plantamed.net\/?post_type=product&#038;p=394"},"modified":"2025-11-25T09:29:12","modified_gmt":"2025-11-25T09:29:12","slug":"amaraplex","status":"publish","type":"product","link":"http:\/\/www.plantamed.net\/sv\/produkt\/amaraplex\/","title":{"rendered":"Amaraplex"},"content":{"rendered":"<p><b>Form: <\/b>Tabletter (90 tabletter)<\/p>\n<p><b>F\u00f6rdelar: <\/b>F\u00f6rb\u00e4ttrar matsm\u00e4ltningen, stimulerar bukspottk\u00f6rteln och tarmk\u00f6rtlarna att producera matsm\u00e4ltningsenzymer och eliminerar skadliga bakterier i mag-tarmkanalen.<\/p>\n<p><b>Anv\u00e4ndande: <\/b>Ta dagligen efter m\u00e5ltider f\u00f6r att fr\u00e4mja en h\u00e4lsosam matsm\u00e4ltning och tarmbalans.<\/p>","protected":false},"excerpt":{"rendered":"<p><b>Form: <\/b>Tabletter (90 tabletter)<\/p>\n<p><b>F\u00f6rdelar: <\/b>F\u00f6rb\u00e4ttrar matsm\u00e4ltningen, stimulerar bukspottk\u00f6rteln och tarmk\u00f6rtlarna att producera matsm\u00e4ltningsenzymer och eliminerar skadliga bakterier i mag-tarmkanalen.<\/p>\n<p><b>Anv\u00e4ndande: <\/b>Ta dagligen efter m\u00e5ltider f\u00f6r att fr\u00e4mja en h\u00e4lsosam matsm\u00e4ltning och tarmbalans.<\/p>","protected":false},"featured_media":183,"template":"","meta":[],"product_brand":[],"product_cat":[28],"product_tag":[],"class_list":{"0":"post-394","1":"product","2":"type-product","3":"status-publish","4":"has-post-thumbnail","6":"product_cat-dietary-supplements","8":"first","9":"instock","10":"shipping-taxable","11":"purchasable","12":"product-type-simple"},"_links":{"self":[{"href":"http:\/\/www.plantamed.net\/sv\/wp-json\/wp\/v2\/product\/394","targetHints":{"allow":["GET"]}}],"collection":[{"href":"http:\/\/www.plantamed.net\/sv\/wp-json\/wp\/v2\/product"}],"about":[{"href":"http:\/\/www.plantamed.net\/sv\/wp-json\/wp\/v2\/types\/product"}],"wp:featuredmedia":[{"embeddable":true,"href":"http:\/\/www.plantamed.net\/sv\/wp-json\/wp\/v2\/media\/183"}],"wp:attachment":[{"href":"http:\/\/www.plantamed.net\/sv\/wp-json\/wp\/v2\/media?parent=394"}],"wp:term":[{"taxonomy":"product_brand","embeddable":true,"href":"http:\/\/www.plantamed.net\/sv\/wp-json\/wp\/v2\/product_brand?post=394"},{"taxonomy":"product_cat","embeddable":true,"href":"http:\/\/www.plantamed.net\/sv\/wp-json\/wp\/v2\/product_cat?post=394"},{"taxonomy":"product_tag","embeddable":true,"href":"http:\/\/www.plantamed.net\/sv\/wp-json\/wp\/v2\/product_tag?post=394"}],"curies":[{"name":"wp","href":"https:\/\/api.w.org\/{rel}","templated":true}]}}