{"id":397,"date":"2025-10-22T17:02:16","date_gmt":"2025-10-22T17:02:16","guid":{"rendered":"http:\/\/www.plantamed.net\/?post_type=product&#038;p=397"},"modified":"2026-03-31T08:10:22","modified_gmt":"2026-03-31T08:10:22","slug":"ossovit","status":"publish","type":"product","link":"http:\/\/www.plantamed.net\/sv\/produkt\/ossovit\/","title":{"rendered":"Ossovit"},"content":{"rendered":"<p><b>Form: <\/b>Tabletter (60 tabletter)<\/p>\n<p><b>F\u00f6rdelar: <\/b>F\u00f6rebygger h\u00e5ravfall, st\u00e4rker h\u00e5r, naglar och ben samt h\u00e4mmar benf\u00f6rkalkning.<\/p>\n<p><b>Anv\u00e4ndande: <\/b>Ta en tablett dagligen f\u00f6r att bibeh\u00e5lla vitaliteten i skelettet och h\u00e5ret.<\/p>\n<p><strong>Directions:<\/strong> Take 1-2 capsules daily with warm water. For optimal absorption, it is recommended to take the capsules with meals.<\/p>\n<p><strong>Net Content:<\/strong> 60 capsules per bottle<\/p>","protected":false},"excerpt":{"rendered":"<p><b>Form: <\/b>Tabletter (60 tabletter)<\/p>\n<p><b>F\u00f6rdelar: <\/b>F\u00f6rebygger h\u00e5ravfall, st\u00e4rker h\u00e5r, naglar och ben samt h\u00e4mmar benf\u00f6rkalkning.<\/p>\n<p><b>Anv\u00e4ndande: <\/b>Ta en tablett dagligen f\u00f6r att bibeh\u00e5lla vitaliteten i skelettet och h\u00e5ret.<\/p>\n<p><strong>Directions:<\/strong> Take 1-2 capsules daily with warm water. For optimal absorption, it is recommended to take the capsules with meals.<\/p>\n<p><strong>Net Content:<\/strong> 60 capsules per bottle<\/p>","protected":false},"featured_media":955,"template":"","meta":[],"product_brand":[],"product_cat":[28],"product_tag":[],"class_list":{"0":"post-397","1":"product","2":"type-product","3":"status-publish","4":"has-post-thumbnail","6":"product_cat-dietary-supplements","8":"first","9":"instock","10":"shipping-taxable","11":"purchasable","12":"product-type-simple"},"_links":{"self":[{"href":"http:\/\/www.plantamed.net\/sv\/wp-json\/wp\/v2\/product\/397","targetHints":{"allow":["GET"]}}],"collection":[{"href":"http:\/\/www.plantamed.net\/sv\/wp-json\/wp\/v2\/product"}],"about":[{"href":"http:\/\/www.plantamed.net\/sv\/wp-json\/wp\/v2\/types\/product"}],"wp:featuredmedia":[{"embeddable":true,"href":"http:\/\/www.plantamed.net\/sv\/wp-json\/wp\/v2\/media\/955"}],"wp:attachment":[{"href":"http:\/\/www.plantamed.net\/sv\/wp-json\/wp\/v2\/media?parent=397"}],"wp:term":[{"taxonomy":"product_brand","embeddable":true,"href":"http:\/\/www.plantamed.net\/sv\/wp-json\/wp\/v2\/product_brand?post=397"},{"taxonomy":"product_cat","embeddable":true,"href":"http:\/\/www.plantamed.net\/sv\/wp-json\/wp\/v2\/product_cat?post=397"},{"taxonomy":"product_tag","embeddable":true,"href":"http:\/\/www.plantamed.net\/sv\/wp-json\/wp\/v2\/product_tag?post=397"}],"curies":[{"name":"wp","href":"https:\/\/api.w.org\/{rel}","templated":true}]}}