{"id":398,"date":"2025-10-22T17:06:06","date_gmt":"2025-10-22T17:06:06","guid":{"rendered":"http:\/\/www.plantamed.net\/?post_type=product&#038;p=398"},"modified":"2025-11-18T06:47:23","modified_gmt":"2025-11-18T06:47:23","slug":"multi-jod","status":"publish","type":"product","link":"http:\/\/www.plantamed.net\/sv\/produkt\/multi-jod\/","title":{"rendered":"Multi Jod"},"content":{"rendered":"<p><b>Form: <\/b>Tabletter (90 tabletter)<\/p>\n<p><b>F\u00f6rdelar: <\/b>St\u00f6djer produktionen av sk\u00f6ldk\u00f6rtelhormon, energimetabolism och lindrar symtom p\u00e5 hypotyreos.<\/p>\n<p><b>Anv\u00e4ndande: <\/b>Ta dagligen f\u00f6r att st\u00f6dja sk\u00f6ldk\u00f6rtelfunktionen.<\/p>","protected":false},"excerpt":{"rendered":"<p><b>Form: <\/b>Tabletter (90 tabletter)<\/p>\n<p><b>F\u00f6rdelar: <\/b>St\u00f6djer produktionen av sk\u00f6ldk\u00f6rtelhormon, energimetabolism och lindrar symtom p\u00e5 hypotyreos.<\/p>\n<p><b>Anv\u00e4ndande: <\/b>Ta dagligen f\u00f6r att st\u00f6dja sk\u00f6ldk\u00f6rtelfunktionen.<\/p>","protected":false},"featured_media":187,"template":"","meta":[],"product_brand":[],"product_cat":[28],"product_tag":[],"class_list":{"0":"post-398","1":"product","2":"type-product","3":"status-publish","4":"has-post-thumbnail","6":"product_cat-dietary-supplements","8":"first","9":"instock","10":"shipping-taxable","11":"purchasable","12":"product-type-simple"},"_links":{"self":[{"href":"http:\/\/www.plantamed.net\/sv\/wp-json\/wp\/v2\/product\/398","targetHints":{"allow":["GET"]}}],"collection":[{"href":"http:\/\/www.plantamed.net\/sv\/wp-json\/wp\/v2\/product"}],"about":[{"href":"http:\/\/www.plantamed.net\/sv\/wp-json\/wp\/v2\/types\/product"}],"wp:featuredmedia":[{"embeddable":true,"href":"http:\/\/www.plantamed.net\/sv\/wp-json\/wp\/v2\/media\/187"}],"wp:attachment":[{"href":"http:\/\/www.plantamed.net\/sv\/wp-json\/wp\/v2\/media?parent=398"}],"wp:term":[{"taxonomy":"product_brand","embeddable":true,"href":"http:\/\/www.plantamed.net\/sv\/wp-json\/wp\/v2\/product_brand?post=398"},{"taxonomy":"product_cat","embeddable":true,"href":"http:\/\/www.plantamed.net\/sv\/wp-json\/wp\/v2\/product_cat?post=398"},{"taxonomy":"product_tag","embeddable":true,"href":"http:\/\/www.plantamed.net\/sv\/wp-json\/wp\/v2\/product_tag?post=398"}],"curies":[{"name":"wp","href":"https:\/\/api.w.org\/{rel}","templated":true}]}}