{"id":399,"date":"2025-10-22T17:07:00","date_gmt":"2025-10-22T17:07:00","guid":{"rendered":"http:\/\/www.plantamed.net\/?post_type=product&#038;p=399"},"modified":"2025-10-22T17:07:42","modified_gmt":"2025-10-22T17:07:42","slug":"selenium","status":"publish","type":"product","link":"http:\/\/www.plantamed.net\/sv\/produkt\/selenium\/","title":{"rendered":"Selen"},"content":{"rendered":"<p>90 tabletter<\/p>\n<p>Spottstimulerande medel.<\/p>\n<p>Anv\u00e4nds vid tillf\u00e4lliga matsm\u00e4ltningsbesv\u00e4r eller gaser, s\u00e5 kallad ballongmage.<\/p>\n<p>Produkten inneh\u00e5ller allergenet: Laktos. .<\/p>\n<p>\u00d6verskrid inte dosen. Kosttillskott ers\u00e4tter inte en balanserad kost. F\u00f6rvaras utom r\u00e4ckh\u00e5ll f\u00f6r barn.<\/p>","protected":false},"excerpt":{"rendered":"<p><strong>Produktinformation<\/strong><br \/>\n<strong>Antal tabletter:<\/strong> 90 st<\/p>\n<p><strong>Dosering:<\/strong> 1 tablett tuggas 5 minuter f\u00f6re frukost och lunch innan den sv\u00e4ljs.<\/p>\n<p><strong>F\u00f6rsiktighet:<\/strong> \u00d6verskrid inte dosen. Kosttillskott ers\u00e4tter inte en balanserad kost. F\u00f6rvaras utom r\u00e4ckh\u00e5ll f\u00f6r barn.<\/p>\n<p><strong>Inneh\u00e5ll\/Tablett<\/strong><br \/>\nExtr. Gentiana rad. Gentian root, 75mg<br \/>\nMentha pip. Peppermint, 25mg<br \/>\nMenyanthes trifoliata: 1.5 mg<br \/>\nAngelicae: 1.5 mg<\/p>\n<p><strong>Fyllmedel:<\/strong> Laktos (allergen), mikrokristallin cellulosa<\/p>\n<p><strong>Ytbehandlingsmedel:<\/strong> Magnesiumstearat, stearinsyra<\/p>","protected":false},"featured_media":208,"template":"","meta":[],"product_brand":[],"product_cat":[28],"product_tag":[],"class_list":{"0":"post-399","1":"product","2":"type-product","3":"status-publish","4":"has-post-thumbnail","6":"product_cat-dietary-supplements","8":"first","9":"instock","10":"shipping-taxable","11":"purchasable","12":"product-type-simple"},"_links":{"self":[{"href":"http:\/\/www.plantamed.net\/sv\/wp-json\/wp\/v2\/product\/399","targetHints":{"allow":["GET"]}}],"collection":[{"href":"http:\/\/www.plantamed.net\/sv\/wp-json\/wp\/v2\/product"}],"about":[{"href":"http:\/\/www.plantamed.net\/sv\/wp-json\/wp\/v2\/types\/product"}],"wp:featuredmedia":[{"embeddable":true,"href":"http:\/\/www.plantamed.net\/sv\/wp-json\/wp\/v2\/media\/208"}],"wp:attachment":[{"href":"http:\/\/www.plantamed.net\/sv\/wp-json\/wp\/v2\/media?parent=399"}],"wp:term":[{"taxonomy":"product_brand","embeddable":true,"href":"http:\/\/www.plantamed.net\/sv\/wp-json\/wp\/v2\/product_brand?post=399"},{"taxonomy":"product_cat","embeddable":true,"href":"http:\/\/www.plantamed.net\/sv\/wp-json\/wp\/v2\/product_cat?post=399"},{"taxonomy":"product_tag","embeddable":true,"href":"http:\/\/www.plantamed.net\/sv\/wp-json\/wp\/v2\/product_tag?post=399"}],"curies":[{"name":"wp","href":"https:\/\/api.w.org\/{rel}","templated":true}]}}