{"id":654,"date":"2025-11-08T21:41:10","date_gmt":"2025-11-08T21:41:10","guid":{"rendered":"http:\/\/www.plantamed.net\/?post_type=product&#038;p=654"},"modified":"2025-11-18T06:46:55","modified_gmt":"2025-11-18T06:46:55","slug":"multi-chrome","status":"publish","type":"product","link":"http:\/\/www.plantamed.net\/sv\/produkt\/multi-chrome\/","title":{"rendered":"Multikrom"},"content":{"rendered":"<p><b>Form: <\/b>Tabletter (90 tabletter)<\/p>\n<p><b>F\u00f6rdelar: <\/b>Stabiliserar blodsockret och minskar sockersug.<\/p>\n<p><b>Anv\u00e4ndande: <\/b>Ta en g\u00e5ng dagligen f\u00f6r att uppr\u00e4tth\u00e5lla h\u00e4lsosamma blodsockerniv\u00e5er.<\/p>","protected":false},"excerpt":{"rendered":"<p><b>Form: <\/b>Tabletter (90 tabletter)<\/p>\n<p><b>F\u00f6rdelar: <\/b>Stabiliserar blodsockret och minskar sockersug.<\/p>\n<p><b>Anv\u00e4ndande: <\/b>Ta en g\u00e5ng dagligen f\u00f6r att uppr\u00e4tth\u00e5lla h\u00e4lsosamma blodsockerniv\u00e5er.<\/p>","protected":false},"featured_media":186,"template":"","meta":[],"product_brand":[],"product_cat":[44],"product_tag":[],"class_list":{"0":"post-654","1":"product","2":"type-product","3":"status-publish","4":"has-post-thumbnail","6":"product_cat-ordinary-products","8":"first","9":"instock","10":"shipping-taxable","11":"purchasable","12":"product-type-simple"},"_links":{"self":[{"href":"http:\/\/www.plantamed.net\/sv\/wp-json\/wp\/v2\/product\/654","targetHints":{"allow":["GET"]}}],"collection":[{"href":"http:\/\/www.plantamed.net\/sv\/wp-json\/wp\/v2\/product"}],"about":[{"href":"http:\/\/www.plantamed.net\/sv\/wp-json\/wp\/v2\/types\/product"}],"wp:featuredmedia":[{"embeddable":true,"href":"http:\/\/www.plantamed.net\/sv\/wp-json\/wp\/v2\/media\/186"}],"wp:attachment":[{"href":"http:\/\/www.plantamed.net\/sv\/wp-json\/wp\/v2\/media?parent=654"}],"wp:term":[{"taxonomy":"product_brand","embeddable":true,"href":"http:\/\/www.plantamed.net\/sv\/wp-json\/wp\/v2\/product_brand?post=654"},{"taxonomy":"product_cat","embeddable":true,"href":"http:\/\/www.plantamed.net\/sv\/wp-json\/wp\/v2\/product_cat?post=654"},{"taxonomy":"product_tag","embeddable":true,"href":"http:\/\/www.plantamed.net\/sv\/wp-json\/wp\/v2\/product_tag?post=654"}],"curies":[{"name":"wp","href":"https:\/\/api.w.org\/{rel}","templated":true}]}}