{"id":658,"date":"2025-11-08T21:49:02","date_gmt":"2025-11-08T21:49:02","guid":{"rendered":"http:\/\/www.plantamed.net\/?post_type=product&#038;p=658"},"modified":"2025-11-18T06:46:12","modified_gmt":"2025-11-18T06:46:12","slug":"cikaria","status":"publish","type":"product","link":"http:\/\/www.plantamed.net\/sv\/produkt\/cikaria\/","title":{"rendered":"CIKARIA"},"content":{"rendered":"<p><b>Form: <\/b>Tabletter (120 tabletter)<\/p>\n<p><b>F\u00f6rdelar: <\/b>St\u00e4rker kroppen, \u00f6kar uth\u00e5lligheten och st\u00f6djer normal immunfunktion.<\/p>\n<p><b>Anv\u00e4ndande: <\/b>Ta dagligen f\u00f6r f\u00f6rb\u00e4ttrad uth\u00e5llighet och immunitet<\/p>","protected":false},"excerpt":{"rendered":"<p><b>Form: <\/b>Tabletter (120 tabletter)<\/p>\n<p><b>F\u00f6rdelar: <\/b>St\u00e4rker kroppen, \u00f6kar uth\u00e5lligheten och st\u00f6djer normal immunfunktion.<\/p>\n<p><b>Anv\u00e4ndande: <\/b>Ta dagligen f\u00f6r f\u00f6rb\u00e4ttrad uth\u00e5llighet och immunitet<\/p>","protected":false},"featured_media":646,"template":"","meta":[],"product_brand":[],"product_cat":[44],"product_tag":[],"class_list":{"0":"post-658","1":"product","2":"type-product","3":"status-publish","4":"has-post-thumbnail","6":"product_cat-ordinary-products","8":"first","9":"instock","10":"shipping-taxable","11":"purchasable","12":"product-type-simple"},"_links":{"self":[{"href":"http:\/\/www.plantamed.net\/sv\/wp-json\/wp\/v2\/product\/658","targetHints":{"allow":["GET"]}}],"collection":[{"href":"http:\/\/www.plantamed.net\/sv\/wp-json\/wp\/v2\/product"}],"about":[{"href":"http:\/\/www.plantamed.net\/sv\/wp-json\/wp\/v2\/types\/product"}],"wp:featuredmedia":[{"embeddable":true,"href":"http:\/\/www.plantamed.net\/sv\/wp-json\/wp\/v2\/media\/646"}],"wp:attachment":[{"href":"http:\/\/www.plantamed.net\/sv\/wp-json\/wp\/v2\/media?parent=658"}],"wp:term":[{"taxonomy":"product_brand","embeddable":true,"href":"http:\/\/www.plantamed.net\/sv\/wp-json\/wp\/v2\/product_brand?post=658"},{"taxonomy":"product_cat","embeddable":true,"href":"http:\/\/www.plantamed.net\/sv\/wp-json\/wp\/v2\/product_cat?post=658"},{"taxonomy":"product_tag","embeddable":true,"href":"http:\/\/www.plantamed.net\/sv\/wp-json\/wp\/v2\/product_tag?post=658"}],"curies":[{"name":"wp","href":"https:\/\/api.w.org\/{rel}","templated":true}]}}