{"id":662,"date":"2025-11-08T22:01:15","date_gmt":"2025-11-08T22:01:15","guid":{"rendered":"http:\/\/www.plantamed.net\/?post_type=product&#038;p=662"},"modified":"2025-11-08T22:01:56","modified_gmt":"2025-11-08T22:01:56","slug":"multi-b","status":"publish","type":"product","link":"http:\/\/www.plantamed.net\/sv\/produkt\/multi-b\/","title":{"rendered":"MULTI B"},"content":{"rendered":"<p><b>Form: <\/b>Tabletter (90 tabletter)<\/p>\n<p><b>F\u00f6rdelar: <\/b>St\u00e4rker muskler, hj\u00e4rna och nervceller; lindrar tr\u00f6tthet och st\u00f6der energioms\u00e4ttningen.<\/p>\n<p><b>Anv\u00e4ndande: <\/b>Ta en tablett dagligen f\u00f6r f\u00f6rb\u00e4ttrad vitalitet och fokus.<\/p>","protected":false},"excerpt":{"rendered":"<p><b>Form: <\/b>Tabletter (90 tabletter)<\/p>\n<p><b>F\u00f6rdelar: <\/b>St\u00e4rker muskler, hj\u00e4rna och nervceller; lindrar tr\u00f6tthet och st\u00f6der energioms\u00e4ttningen.<\/p>\n<p><b>Anv\u00e4ndande: <\/b>Ta en tablett dagligen f\u00f6r f\u00f6rb\u00e4ttrad vitalitet och fokus.<\/p>","protected":false},"featured_media":185,"template":"","meta":[],"product_brand":[],"product_cat":[44],"product_tag":[],"class_list":{"0":"post-662","1":"product","2":"type-product","3":"status-publish","4":"has-post-thumbnail","6":"product_cat-ordinary-products","8":"first","9":"instock","10":"shipping-taxable","11":"purchasable","12":"product-type-simple"},"_links":{"self":[{"href":"http:\/\/www.plantamed.net\/sv\/wp-json\/wp\/v2\/product\/662","targetHints":{"allow":["GET"]}}],"collection":[{"href":"http:\/\/www.plantamed.net\/sv\/wp-json\/wp\/v2\/product"}],"about":[{"href":"http:\/\/www.plantamed.net\/sv\/wp-json\/wp\/v2\/types\/product"}],"wp:featuredmedia":[{"embeddable":true,"href":"http:\/\/www.plantamed.net\/sv\/wp-json\/wp\/v2\/media\/185"}],"wp:attachment":[{"href":"http:\/\/www.plantamed.net\/sv\/wp-json\/wp\/v2\/media?parent=662"}],"wp:term":[{"taxonomy":"product_brand","embeddable":true,"href":"http:\/\/www.plantamed.net\/sv\/wp-json\/wp\/v2\/product_brand?post=662"},{"taxonomy":"product_cat","embeddable":true,"href":"http:\/\/www.plantamed.net\/sv\/wp-json\/wp\/v2\/product_cat?post=662"},{"taxonomy":"product_tag","embeddable":true,"href":"http:\/\/www.plantamed.net\/sv\/wp-json\/wp\/v2\/product_tag?post=662"}],"curies":[{"name":"wp","href":"https:\/\/api.w.org\/{rel}","templated":true}]}}