{"id":671,"date":"2025-11-08T22:20:26","date_gmt":"2025-11-08T22:20:26","guid":{"rendered":"http:\/\/www.plantamed.net\/?post_type=product&#038;p=671"},"modified":"2026-01-20T06:15:59","modified_gmt":"2026-01-20T06:15:59","slug":"cikaria-core-extract-of-chanhua","status":"publish","type":"product","link":"http:\/\/www.plantamed.net\/sv\/produkt\/cikaria-core-extract-of-chanhua\/","title":{"rendered":"Cikariak\u00e4rna (Extrakt av Chanhua)"},"content":{"rendered":"<p><b>F\u00f6rdelar:<\/b><\/p>\n<p>ger grundl\u00e4ggande antioxidantst\u00f6d och utnyttjar \u00e4ven de unika indolalkaloiderna och chanhuanosiderna fr\u00e5n Cordyceps chanhua f\u00f6r att uppn\u00e5 riktat njurst\u00f6d. Samtidigt, med den unika pyridonalkaloiden som k\u00e4rna, i kombination med andra antioxidanter, ut\u00f6var den synergistiskt en djupg\u00e5ende anti-aging-effekt fr\u00e5n grundorsaken.<\/p>","protected":false},"excerpt":{"rendered":"<p><b>F\u00f6rdelar:<\/b><\/p>\n<p>ger grundl\u00e4ggande antioxidantst\u00f6d och utnyttjar \u00e4ven de unika indolalkaloiderna och chanhuanosiderna fr\u00e5n Cordyceps chanhua f\u00f6r att uppn\u00e5 riktat njurst\u00f6d. Samtidigt, med den unika pyridonalkaloiden som k\u00e4rna, i kombination med andra antioxidanter, ut\u00f6var den synergistiskt en djupg\u00e5ende anti-aging-effekt fr\u00e5n grundorsaken.<\/p>","protected":false},"featured_media":954,"template":"","meta":[],"product_brand":[],"product_cat":[46,45],"product_tag":[],"class_list":{"0":"post-671","1":"product","2":"type-product","3":"status-publish","4":"has-post-thumbnail","6":"product_cat-anti-aging","7":"product_cat-new-product-line","9":"first","10":"instock","11":"shipping-taxable","12":"purchasable","13":"product-type-simple"},"_links":{"self":[{"href":"http:\/\/www.plantamed.net\/sv\/wp-json\/wp\/v2\/product\/671","targetHints":{"allow":["GET"]}}],"collection":[{"href":"http:\/\/www.plantamed.net\/sv\/wp-json\/wp\/v2\/product"}],"about":[{"href":"http:\/\/www.plantamed.net\/sv\/wp-json\/wp\/v2\/types\/product"}],"wp:featuredmedia":[{"embeddable":true,"href":"http:\/\/www.plantamed.net\/sv\/wp-json\/wp\/v2\/media\/954"}],"wp:attachment":[{"href":"http:\/\/www.plantamed.net\/sv\/wp-json\/wp\/v2\/media?parent=671"}],"wp:term":[{"taxonomy":"product_brand","embeddable":true,"href":"http:\/\/www.plantamed.net\/sv\/wp-json\/wp\/v2\/product_brand?post=671"},{"taxonomy":"product_cat","embeddable":true,"href":"http:\/\/www.plantamed.net\/sv\/wp-json\/wp\/v2\/product_cat?post=671"},{"taxonomy":"product_tag","embeddable":true,"href":"http:\/\/www.plantamed.net\/sv\/wp-json\/wp\/v2\/product_tag?post=671"}],"curies":[{"name":"wp","href":"https:\/\/api.w.org\/{rel}","templated":true}]}}