{"id":673,"date":"2025-11-08T22:22:32","date_gmt":"2025-11-08T22:22:32","guid":{"rendered":"http:\/\/www.plantamed.net\/?post_type=product&#038;p=673"},"modified":"2026-02-25T08:15:45","modified_gmt":"2026-02-25T08:15:45","slug":"gold-cikaria-spores-of-chanhua","status":"publish","type":"product","link":"http:\/\/www.plantamed.net\/sv\/produkt\/gold-cikaria-spores-of-chanhua\/","title":{"rendered":"Guld Cikaria (sporer av Chanhua)"},"content":{"rendered":"<p><b>F\u00f6rdelar: <\/b>En uppfriskande effekt, \u00f6kar fysisk styrka, f\u00f6rb\u00e4ttrar kroppens uth\u00e5llighet och bidrar till immunsystemets normala funktion.<\/p>","protected":false},"excerpt":{"rendered":"<p><b>F\u00f6rdelar: <\/b>a refreshing effect, enhances physical strength, improves body endurance, and helps the normal functioning of the immune system.<\/p>","protected":false},"featured_media":953,"template":"","meta":[],"product_brand":[],"product_cat":[46,45],"product_tag":[],"class_list":{"0":"post-673","1":"product","2":"type-product","3":"status-publish","4":"has-post-thumbnail","6":"product_cat-anti-aging","7":"product_cat-new-product-line","9":"first","10":"instock","11":"shipping-taxable","12":"purchasable","13":"product-type-simple"},"_links":{"self":[{"href":"http:\/\/www.plantamed.net\/sv\/wp-json\/wp\/v2\/product\/673","targetHints":{"allow":["GET"]}}],"collection":[{"href":"http:\/\/www.plantamed.net\/sv\/wp-json\/wp\/v2\/product"}],"about":[{"href":"http:\/\/www.plantamed.net\/sv\/wp-json\/wp\/v2\/types\/product"}],"wp:featuredmedia":[{"embeddable":true,"href":"http:\/\/www.plantamed.net\/sv\/wp-json\/wp\/v2\/media\/953"}],"wp:attachment":[{"href":"http:\/\/www.plantamed.net\/sv\/wp-json\/wp\/v2\/media?parent=673"}],"wp:term":[{"taxonomy":"product_brand","embeddable":true,"href":"http:\/\/www.plantamed.net\/sv\/wp-json\/wp\/v2\/product_brand?post=673"},{"taxonomy":"product_cat","embeddable":true,"href":"http:\/\/www.plantamed.net\/sv\/wp-json\/wp\/v2\/product_cat?post=673"},{"taxonomy":"product_tag","embeddable":true,"href":"http:\/\/www.plantamed.net\/sv\/wp-json\/wp\/v2\/product_tag?post=673"}],"curies":[{"name":"wp","href":"https:\/\/api.w.org\/{rel}","templated":true}]}}