{"id":698,"date":"2025-11-08T22:45:30","date_gmt":"2025-11-08T22:45:30","guid":{"rendered":"http:\/\/www.plantamed.net\/?post_type=product&#038;p=698"},"modified":"2026-03-27T06:31:57","modified_gmt":"2026-03-27T06:31:57","slug":"egt-ergothioneine","status":"publish","type":"product","link":"http:\/\/www.plantamed.net\/sv\/produkt\/egt-ergothioneine\/","title":{"rendered":"EGT Ergothioneine"},"content":{"rendered":"<p><b>F\u00f6rdelar: <\/b>Uppn\u00e5r en 1+1&gt;2 anti-aging-effekt, vilket ger cellerna ett f\u00f6rstklassigt &quot;rostskydd&quot; och ger \u00e4ven n\u00e4ring \u00e5t kroppen inom flera dimensioner som immunitet och nerver, vilket tillsammans hj\u00e4lper till att f\u00f6rdr\u00f6ja \u00e5ldrandet och utstr\u00e5la ungdomlig vitalitet inifr\u00e5n.<\/p>","protected":false},"excerpt":{"rendered":"<p><b>F\u00f6rdelar: <\/b>Uppn\u00e5r en 1+1&gt;2 anti-aging-effekt, vilket ger cellerna ett f\u00f6rstklassigt &quot;rostskydd&quot; och ger \u00e4ven n\u00e4ring \u00e5t kroppen inom flera dimensioner som immunitet och nerver, vilket tillsammans hj\u00e4lper till att f\u00f6rdr\u00f6ja \u00e5ldrandet och utstr\u00e5la ungdomlig vitalitet inifr\u00e5n.<\/p>","protected":false},"featured_media":951,"template":"","meta":[],"product_brand":[],"product_cat":[46,45],"product_tag":[],"class_list":{"0":"post-698","1":"product","2":"type-product","3":"status-publish","4":"has-post-thumbnail","6":"product_cat-anti-aging","7":"product_cat-new-product-line","9":"first","10":"instock","11":"shipping-taxable","12":"purchasable","13":"product-type-simple"},"_links":{"self":[{"href":"http:\/\/www.plantamed.net\/sv\/wp-json\/wp\/v2\/product\/698","targetHints":{"allow":["GET"]}}],"collection":[{"href":"http:\/\/www.plantamed.net\/sv\/wp-json\/wp\/v2\/product"}],"about":[{"href":"http:\/\/www.plantamed.net\/sv\/wp-json\/wp\/v2\/types\/product"}],"wp:featuredmedia":[{"embeddable":true,"href":"http:\/\/www.plantamed.net\/sv\/wp-json\/wp\/v2\/media\/951"}],"wp:attachment":[{"href":"http:\/\/www.plantamed.net\/sv\/wp-json\/wp\/v2\/media?parent=698"}],"wp:term":[{"taxonomy":"product_brand","embeddable":true,"href":"http:\/\/www.plantamed.net\/sv\/wp-json\/wp\/v2\/product_brand?post=698"},{"taxonomy":"product_cat","embeddable":true,"href":"http:\/\/www.plantamed.net\/sv\/wp-json\/wp\/v2\/product_cat?post=698"},{"taxonomy":"product_tag","embeddable":true,"href":"http:\/\/www.plantamed.net\/sv\/wp-json\/wp\/v2\/product_tag?post=698"}],"curies":[{"name":"wp","href":"https:\/\/api.w.org\/{rel}","templated":true}]}}