{"id":700,"date":"2025-11-08T22:47:40","date_gmt":"2025-11-08T22:47:40","guid":{"rendered":"http:\/\/www.plantamed.net\/?post_type=product&#038;p=700"},"modified":"2026-03-27T06:30:21","modified_gmt":"2026-03-27T06:30:21","slug":"pqq-antioxidant","status":"publish","type":"product","link":"http:\/\/www.plantamed.net\/sv\/produkt\/pqq-antioxidant\/","title":{"rendered":"PQQ-antioxidant"},"content":{"rendered":"<p><b>F\u00f6rdelar: <\/b>&quot;Laddar&quot; cellerna direkt, \u00f6kar den totala energiniv\u00e5n och l\u00e4gger \u00e4ven en solid h\u00e4lsogrund f\u00f6r kroppen genom systemisk n\u00e4ring, vilket tillsammans hj\u00e4lper till att f\u00f6rdr\u00f6ja \u00e5ldrandeprocessen och utstr\u00e5la ett ungdomligt tillst\u00e5nd inifr\u00e5n.<\/p>\n<p><strong>Directions:<\/strong> Take 1 capsule daily with warm water. It is recommended to take with meals to promote absorption. Do not exceed the recommended daily dosage.<\/p>\n<p><strong>Net Content:<\/strong> 60 capsules per bottle<\/p>","protected":false},"excerpt":{"rendered":"<p><b>F\u00f6rdelar: <\/b>&quot;Laddar&quot; cellerna direkt, \u00f6kar den totala energiniv\u00e5n och l\u00e4gger \u00e4ven en solid h\u00e4lsogrund f\u00f6r kroppen genom systemisk n\u00e4ring, vilket tillsammans hj\u00e4lper till att f\u00f6rdr\u00f6ja \u00e5ldrandeprocessen och utstr\u00e5la ett ungdomligt tillst\u00e5nd inifr\u00e5n.<\/p>\n<p><strong>Directions:<\/strong> Take 1 capsule daily with warm water. It is recommended to take with meals to promote absorption. Do not exceed the recommended daily dosage.<\/p>\n<p><strong>Net Content:<\/strong> 60 capsules per bottle<\/p>","protected":false},"featured_media":950,"template":"","meta":[],"product_brand":[],"product_cat":[46,45],"product_tag":[],"class_list":{"0":"post-700","1":"product","2":"type-product","3":"status-publish","4":"has-post-thumbnail","6":"product_cat-anti-aging","7":"product_cat-new-product-line","9":"first","10":"instock","11":"shipping-taxable","12":"purchasable","13":"product-type-simple"},"_links":{"self":[{"href":"http:\/\/www.plantamed.net\/sv\/wp-json\/wp\/v2\/product\/700","targetHints":{"allow":["GET"]}}],"collection":[{"href":"http:\/\/www.plantamed.net\/sv\/wp-json\/wp\/v2\/product"}],"about":[{"href":"http:\/\/www.plantamed.net\/sv\/wp-json\/wp\/v2\/types\/product"}],"wp:featuredmedia":[{"embeddable":true,"href":"http:\/\/www.plantamed.net\/sv\/wp-json\/wp\/v2\/media\/950"}],"wp:attachment":[{"href":"http:\/\/www.plantamed.net\/sv\/wp-json\/wp\/v2\/media?parent=700"}],"wp:term":[{"taxonomy":"product_brand","embeddable":true,"href":"http:\/\/www.plantamed.net\/sv\/wp-json\/wp\/v2\/product_brand?post=700"},{"taxonomy":"product_cat","embeddable":true,"href":"http:\/\/www.plantamed.net\/sv\/wp-json\/wp\/v2\/product_cat?post=700"},{"taxonomy":"product_tag","embeddable":true,"href":"http:\/\/www.plantamed.net\/sv\/wp-json\/wp\/v2\/product_tag?post=700"}],"curies":[{"name":"wp","href":"https:\/\/api.w.org\/{rel}","templated":true}]}}