{"id":702,"date":"2025-11-08T22:49:04","date_gmt":"2025-11-08T22:49:04","guid":{"rendered":"http:\/\/www.plantamed.net\/?post_type=product&#038;p=702"},"modified":"2026-03-31T08:11:11","modified_gmt":"2026-03-31T08:11:11","slug":"fiseti-cellrengorare","status":"publish","type":"product","link":"http:\/\/www.plantamed.net\/sv\/produkt\/fiseti-cellrengorare\/","title":{"rendered":"Fisitine Cellrengorare"},"content":{"rendered":"<p><b>F\u00f6rdelar: <\/b>Kraftfullt &quot;rensar&quot; den \u2013 avl\u00e4gsnar exakt \u00e5ldrandeaccelererande zombieceller \u2013 och &quot;ger \u00e4ven skickligt n\u00e4ring&quot; \u2013 och v\u00e5rdar kroppen helt\u00e4ckande genom Cordyceps chanhua f\u00f6r att skapa en h\u00e4lsosammare och mer levande inre milj\u00f6 f\u00f6r att synergistiskt uppn\u00e5 ett djupare, mer systemiskt ungdomligt tillst\u00e5nd.<\/p>\n<p><strong>Directions:<\/strong> Take 1 capsule daily with warm water. It is recommended to take with meals to promote absorption. Do not exceed the recommended daily dosage.<\/p>\n<p><strong>Net Content:<\/strong> 60 capsules per bottle<\/p>","protected":false},"excerpt":{"rendered":"<p><b>F\u00f6rdelar: <\/b>Kraftfullt &quot;rensar&quot; den \u2013 avl\u00e4gsnar exakt \u00e5ldrandeaccelererande zombieceller \u2013 och &quot;ger \u00e4ven skickligt n\u00e4ring&quot; \u2013 och v\u00e5rdar kroppen helt\u00e4ckande genom Cordyceps chanhua f\u00f6r att skapa en h\u00e4lsosammare och mer levande inre milj\u00f6 f\u00f6r att synergistiskt uppn\u00e5 ett djupare, mer systemiskt ungdomligt tillst\u00e5nd.<\/p>\n<p><strong>Directions:<\/strong> Take 1 capsule daily with warm water. It is recommended to take with meals to promote absorption. Do not exceed the recommended daily dosage.<\/p>\n<p><strong>Net Content:<\/strong> 60 capsules per bottle<\/p>","protected":false},"featured_media":949,"template":"","meta":[],"product_brand":[],"product_cat":[46,45],"product_tag":[],"class_list":{"0":"post-702","1":"product","2":"type-product","3":"status-publish","4":"has-post-thumbnail","6":"product_cat-anti-aging","7":"product_cat-new-product-line","9":"first","10":"instock","11":"shipping-taxable","12":"purchasable","13":"product-type-simple"},"_links":{"self":[{"href":"http:\/\/www.plantamed.net\/sv\/wp-json\/wp\/v2\/product\/702","targetHints":{"allow":["GET"]}}],"collection":[{"href":"http:\/\/www.plantamed.net\/sv\/wp-json\/wp\/v2\/product"}],"about":[{"href":"http:\/\/www.plantamed.net\/sv\/wp-json\/wp\/v2\/types\/product"}],"wp:featuredmedia":[{"embeddable":true,"href":"http:\/\/www.plantamed.net\/sv\/wp-json\/wp\/v2\/media\/949"}],"wp:attachment":[{"href":"http:\/\/www.plantamed.net\/sv\/wp-json\/wp\/v2\/media?parent=702"}],"wp:term":[{"taxonomy":"product_brand","embeddable":true,"href":"http:\/\/www.plantamed.net\/sv\/wp-json\/wp\/v2\/product_brand?post=702"},{"taxonomy":"product_cat","embeddable":true,"href":"http:\/\/www.plantamed.net\/sv\/wp-json\/wp\/v2\/product_cat?post=702"},{"taxonomy":"product_tag","embeddable":true,"href":"http:\/\/www.plantamed.net\/sv\/wp-json\/wp\/v2\/product_tag?post=702"}],"curies":[{"name":"wp","href":"https:\/\/api.w.org\/{rel}","templated":true}]}}