{"id":833,"date":"2025-11-12T08:22:02","date_gmt":"2025-11-12T08:22:02","guid":{"rendered":"http:\/\/www.plantamed.net\/?post_type=product&#038;p=833"},"modified":"2026-03-27T06:26:32","modified_gmt":"2026-03-27T06:26:32","slug":"spermidine","status":"publish","type":"product","link":"http:\/\/www.plantamed.net\/sv\/produkt\/spermidine\/","title":{"rendered":"Spermidin"},"content":{"rendered":"<p><b>F\u00f6rdelar: <\/b>&quot;Aktiverar&quot; kraftfullt str\u00f6mbrytaren f\u00f6r cellul\u00e4r sj\u00e4lvreng\u00f6ring och f\u00f6rnyelse, och &quot;ger&quot; \u00e4ven kroppen omfattande n\u00e4ring genom Cordyceps chanhua. Rensar det &quot;cellul\u00e4ra skr\u00e4pet&quot; som ackumulerats med \u00e5ldrandet och fr\u00e4mjar v\u00e4vnadsf\u00f6rnyelse, vilket representerar en intelligent kombination f\u00f6r att uppn\u00e5 djupg\u00e5ende, systemisk anti-aging.<\/p>\n<p><strong>Directions:<\/strong> Take 1-2 capsules daily with warm water. It is recommended to take with meals for optimal results. Do not exceed the recommended daily dosage.<\/p>\n<p><strong>Net Content:<\/strong> 60 capsules per bottle<\/p>","protected":false},"excerpt":{"rendered":"<p><b>F\u00f6rdelar: <\/b>&quot;Aktiverar&quot; kraftfullt str\u00f6mbrytaren f\u00f6r cellul\u00e4r sj\u00e4lvreng\u00f6ring och f\u00f6rnyelse, och &quot;ger&quot; \u00e4ven kroppen omfattande n\u00e4ring genom Cordyceps chanhua. Rensar det &quot;cellul\u00e4ra skr\u00e4pet&quot; som ackumulerats med \u00e5ldrandet och fr\u00e4mjar v\u00e4vnadsf\u00f6rnyelse, vilket representerar en intelligent kombination f\u00f6r att uppn\u00e5 djupg\u00e5ende, systemisk anti-aging.<\/p>\n<p><strong>Directions:<\/strong> Take 1-2 capsules daily with warm water. It is recommended to take with meals for optimal results. Do not exceed the recommended daily dosage.<\/p>\n<p><strong>Net Content:<\/strong> 60 capsules per bottle<\/p>","protected":false},"featured_media":948,"template":"","meta":[],"product_brand":[],"product_cat":[46,45],"product_tag":[],"class_list":{"0":"post-833","1":"product","2":"type-product","3":"status-publish","4":"has-post-thumbnail","6":"product_cat-anti-aging","7":"product_cat-new-product-line","9":"first","10":"instock","11":"shipping-taxable","12":"purchasable","13":"product-type-simple"},"_links":{"self":[{"href":"http:\/\/www.plantamed.net\/sv\/wp-json\/wp\/v2\/product\/833","targetHints":{"allow":["GET"]}}],"collection":[{"href":"http:\/\/www.plantamed.net\/sv\/wp-json\/wp\/v2\/product"}],"about":[{"href":"http:\/\/www.plantamed.net\/sv\/wp-json\/wp\/v2\/types\/product"}],"wp:featuredmedia":[{"embeddable":true,"href":"http:\/\/www.plantamed.net\/sv\/wp-json\/wp\/v2\/media\/948"}],"wp:attachment":[{"href":"http:\/\/www.plantamed.net\/sv\/wp-json\/wp\/v2\/media?parent=833"}],"wp:term":[{"taxonomy":"product_brand","embeddable":true,"href":"http:\/\/www.plantamed.net\/sv\/wp-json\/wp\/v2\/product_brand?post=833"},{"taxonomy":"product_cat","embeddable":true,"href":"http:\/\/www.plantamed.net\/sv\/wp-json\/wp\/v2\/product_cat?post=833"},{"taxonomy":"product_tag","embeddable":true,"href":"http:\/\/www.plantamed.net\/sv\/wp-json\/wp\/v2\/product_tag?post=833"}],"curies":[{"name":"wp","href":"https:\/\/api.w.org\/{rel}","templated":true}]}}