{"id":400,"date":"2025-10-22T17:08:29","date_gmt":"2025-10-22T17:08:29","guid":{"rendered":"http:\/\/www.plantamed.net\/?post_type=product&#038;p=400"},"modified":"2025-11-18T06:48:39","modified_gmt":"2025-11-18T06:48:39","slug":"vitamin-d","status":"publish","type":"product","link":"https:\/\/www.plantamed.net\/sv\/produkt\/vitamin-d\/","title":{"rendered":"D-vitamin"},"content":{"rendered":"<p><b>Form: <\/b>Tabletter (90 tabletter)<\/p>\n<p><b>F\u00f6rdelar: <\/b>F\u00f6rebygger infektioner och inflammation, st\u00f6djer benh\u00e4lsan och f\u00f6rb\u00e4ttrar hum\u00f6ret under vintern.<\/p>\n<p><b>Anv\u00e4ndande: <\/b>Ta en tablett dagligen f\u00f6r immunitet och benst\u00e4rkning.<\/p>","protected":false},"excerpt":{"rendered":"<p><b>Form: <\/b>Tabletter (90 tabletter)<\/p>\n<p><b>F\u00f6rdelar: <\/b>F\u00f6rebygger infektioner och inflammation, st\u00f6djer benh\u00e4lsan och f\u00f6rb\u00e4ttrar hum\u00f6ret under vintern.<\/p>\n<p><b>Anv\u00e4ndande: <\/b>Ta en tablett dagligen f\u00f6r immunitet och benst\u00e4rkning.<\/p>","protected":false},"featured_media":211,"template":"","meta":[],"product_brand":[],"product_cat":[28],"product_tag":[],"class_list":{"0":"post-400","1":"product","2":"type-product","3":"status-publish","4":"has-post-thumbnail","6":"product_cat-dietary-supplements","8":"first","9":"instock","10":"shipping-taxable","11":"purchasable","12":"product-type-simple"},"_links":{"self":[{"href":"https:\/\/www.plantamed.net\/sv\/wp-json\/wp\/v2\/product\/400","targetHints":{"allow":["GET"]}}],"collection":[{"href":"https:\/\/www.plantamed.net\/sv\/wp-json\/wp\/v2\/product"}],"about":[{"href":"https:\/\/www.plantamed.net\/sv\/wp-json\/wp\/v2\/types\/product"}],"wp:featuredmedia":[{"embeddable":true,"href":"https:\/\/www.plantamed.net\/sv\/wp-json\/wp\/v2\/media\/211"}],"wp:attachment":[{"href":"https:\/\/www.plantamed.net\/sv\/wp-json\/wp\/v2\/media?parent=400"}],"wp:term":[{"taxonomy":"product_brand","embeddable":true,"href":"https:\/\/www.plantamed.net\/sv\/wp-json\/wp\/v2\/product_brand?post=400"},{"taxonomy":"product_cat","embeddable":true,"href":"https:\/\/www.plantamed.net\/sv\/wp-json\/wp\/v2\/product_cat?post=400"},{"taxonomy":"product_tag","embeddable":true,"href":"https:\/\/www.plantamed.net\/sv\/wp-json\/wp\/v2\/product_tag?post=400"}],"curies":[{"name":"wp","href":"https:\/\/api.w.org\/{rel}","templated":true}]}}