{"id":651,"date":"2025-11-08T21:32:55","date_gmt":"2025-11-08T21:32:55","guid":{"rendered":"http:\/\/www.plantamed.net\/?post_type=product&#038;p=651"},"modified":"2025-11-18T06:50:03","modified_gmt":"2025-11-18T06:50:03","slug":"multi-q10","status":"publish","type":"product","link":"https:\/\/www.plantamed.net\/sv\/produkt\/multi-q10\/","title":{"rendered":"MULTI Q10"},"content":{"rendered":"<p><strong>Form:<\/strong> Tabletter (60 tabletter)<\/p>\n<p><strong>F\u00f6rdelar:<\/strong> F\u00f6rb\u00e4ttrar uth\u00e5lligheten, st\u00f6djer kardiovaskul\u00e4r funktion och skyddar mot skador fr\u00e5n fria radikaler.<\/p>\n<p><strong>Anv\u00e4ndande:<\/strong> Ta dagligen f\u00f6r hj\u00e4rt- och energist\u00f6d.<\/p>","protected":false},"excerpt":{"rendered":"<p><strong>Form:<\/strong> Tabletter (60 tabletter)<\/p>\n<p><strong>F\u00f6rdelar:<\/strong> F\u00f6rb\u00e4ttrar uth\u00e5lligheten, st\u00f6djer kardiovaskul\u00e4r funktion och skyddar mot skador fr\u00e5n fria radikaler.<\/p>\n<p><strong>Anv\u00e4ndande:<\/strong> Ta dagligen f\u00f6r hj\u00e4rt- och energist\u00f6d.<\/p>","protected":false},"featured_media":206,"template":"","meta":[],"product_brand":[],"product_cat":[28,44],"product_tag":[],"class_list":{"0":"post-651","1":"product","2":"type-product","3":"status-publish","4":"has-post-thumbnail","6":"product_cat-dietary-supplements","7":"product_cat-ordinary-products","9":"first","10":"instock","11":"shipping-taxable","12":"purchasable","13":"product-type-simple"},"_links":{"self":[{"href":"https:\/\/www.plantamed.net\/sv\/wp-json\/wp\/v2\/product\/651","targetHints":{"allow":["GET"]}}],"collection":[{"href":"https:\/\/www.plantamed.net\/sv\/wp-json\/wp\/v2\/product"}],"about":[{"href":"https:\/\/www.plantamed.net\/sv\/wp-json\/wp\/v2\/types\/product"}],"wp:featuredmedia":[{"embeddable":true,"href":"https:\/\/www.plantamed.net\/sv\/wp-json\/wp\/v2\/media\/206"}],"wp:attachment":[{"href":"https:\/\/www.plantamed.net\/sv\/wp-json\/wp\/v2\/media?parent=651"}],"wp:term":[{"taxonomy":"product_brand","embeddable":true,"href":"https:\/\/www.plantamed.net\/sv\/wp-json\/wp\/v2\/product_brand?post=651"},{"taxonomy":"product_cat","embeddable":true,"href":"https:\/\/www.plantamed.net\/sv\/wp-json\/wp\/v2\/product_cat?post=651"},{"taxonomy":"product_tag","embeddable":true,"href":"https:\/\/www.plantamed.net\/sv\/wp-json\/wp\/v2\/product_tag?post=651"}],"curies":[{"name":"wp","href":"https:\/\/api.w.org\/{rel}","templated":true}]}}