{"id":655,"date":"2025-11-08T21:44:43","date_gmt":"2025-11-08T21:44:43","guid":{"rendered":"http:\/\/www.plantamed.net\/?post_type=product&#038;p=655"},"modified":"2025-11-18T06:51:25","modified_gmt":"2025-11-18T06:51:25","slug":"arnica-liniment","status":"publish","type":"product","link":"https:\/\/www.plantamed.net\/sv\/produkt\/arnica-liniment\/","title":{"rendered":"ARNICA LINIMENT"},"content":{"rendered":"<p><b>Form: <\/b>Liniment (50 ml)<\/p>\n<p><b>F\u00f6rdelar: <\/b>Ger lindring av led- och muskelsm\u00e4rta, inklusive kn\u00e4-, rygg- och tr\u00e4ningsrelaterad obehag.<\/p>\n<p><b>Anv\u00e4ndande: <\/b>Applicera lokalt p\u00e5 drabbade omr\u00e5den efter behov.<\/p>","protected":false},"excerpt":{"rendered":"<p><b>Form: <\/b>Liniment (50 ml)<\/p>\n<p><b>F\u00f6rdelar: <\/b>Ger lindring av led- och muskelsm\u00e4rta, inklusive kn\u00e4-, rygg- och tr\u00e4ningsrelaterad obehag.<\/p>\n<p><b>Anv\u00e4ndande: <\/b>Applicera lokalt p\u00e5 drabbade omr\u00e5den efter behov.<\/p>","protected":false},"featured_media":327,"template":"","meta":[],"product_brand":[],"product_cat":[44],"product_tag":[],"class_list":{"0":"post-655","1":"product","2":"type-product","3":"status-publish","4":"has-post-thumbnail","6":"product_cat-ordinary-products","8":"first","9":"instock","10":"shipping-taxable","11":"purchasable","12":"product-type-simple"},"_links":{"self":[{"href":"https:\/\/www.plantamed.net\/sv\/wp-json\/wp\/v2\/product\/655","targetHints":{"allow":["GET"]}}],"collection":[{"href":"https:\/\/www.plantamed.net\/sv\/wp-json\/wp\/v2\/product"}],"about":[{"href":"https:\/\/www.plantamed.net\/sv\/wp-json\/wp\/v2\/types\/product"}],"wp:featuredmedia":[{"embeddable":true,"href":"https:\/\/www.plantamed.net\/sv\/wp-json\/wp\/v2\/media\/327"}],"wp:attachment":[{"href":"https:\/\/www.plantamed.net\/sv\/wp-json\/wp\/v2\/media?parent=655"}],"wp:term":[{"taxonomy":"product_brand","embeddable":true,"href":"https:\/\/www.plantamed.net\/sv\/wp-json\/wp\/v2\/product_brand?post=655"},{"taxonomy":"product_cat","embeddable":true,"href":"https:\/\/www.plantamed.net\/sv\/wp-json\/wp\/v2\/product_cat?post=655"},{"taxonomy":"product_tag","embeddable":true,"href":"https:\/\/www.plantamed.net\/sv\/wp-json\/wp\/v2\/product_tag?post=655"}],"curies":[{"name":"wp","href":"https:\/\/api.w.org\/{rel}","templated":true}]}}