{"id":656,"date":"2025-11-08T21:47:14","date_gmt":"2025-11-08T21:47:14","guid":{"rendered":"http:\/\/www.plantamed.net\/?post_type=product&#038;p=656"},"modified":"2025-11-18T06:49:40","modified_gmt":"2025-11-18T06:49:40","slug":"carbomin","status":"publish","type":"product","link":"https:\/\/www.plantamed.net\/sv\/produkt\/carbomin\/","title":{"rendered":"CARBOMIN"},"content":{"rendered":"<p><b>Form: <\/b>Pulver (180 g)<\/p>\n<p><b>F\u00f6rdelar: <\/b>\u00c5terst\u00e4ller syra-basbalansen, lindrar sura uppst\u00f6tningar, gastrit och f\u00f6rstoppning samt lugnar inflammation i led och muskler.<\/p>\n<p><b>Anv\u00e4ndande: <\/b>Blanda en tesked med vatten och konsumera dagligen efter m\u00e5ltider.<\/p>","protected":false},"excerpt":{"rendered":"<p><b>Form: <\/b>Pulver (180 g)<\/p>\n<p><b>F\u00f6rdelar: <\/b>\u00c5terst\u00e4ller syra-basbalansen, lindrar sura uppst\u00f6tningar, gastrit och f\u00f6rstoppning samt lugnar inflammation i led och muskler.<\/p>\n<p><b>Anv\u00e4ndande: <\/b>Blanda en tesked med vatten och konsumera dagligen efter m\u00e5ltider.<\/p>","protected":false},"featured_media":184,"template":"","meta":[],"product_brand":[],"product_cat":[44],"product_tag":[],"class_list":{"0":"post-656","1":"product","2":"type-product","3":"status-publish","4":"has-post-thumbnail","6":"product_cat-ordinary-products","8":"first","9":"instock","10":"shipping-taxable","11":"purchasable","12":"product-type-simple"},"_links":{"self":[{"href":"https:\/\/www.plantamed.net\/sv\/wp-json\/wp\/v2\/product\/656","targetHints":{"allow":["GET"]}}],"collection":[{"href":"https:\/\/www.plantamed.net\/sv\/wp-json\/wp\/v2\/product"}],"about":[{"href":"https:\/\/www.plantamed.net\/sv\/wp-json\/wp\/v2\/types\/product"}],"wp:featuredmedia":[{"embeddable":true,"href":"https:\/\/www.plantamed.net\/sv\/wp-json\/wp\/v2\/media\/184"}],"wp:attachment":[{"href":"https:\/\/www.plantamed.net\/sv\/wp-json\/wp\/v2\/media?parent=656"}],"wp:term":[{"taxonomy":"product_brand","embeddable":true,"href":"https:\/\/www.plantamed.net\/sv\/wp-json\/wp\/v2\/product_brand?post=656"},{"taxonomy":"product_cat","embeddable":true,"href":"https:\/\/www.plantamed.net\/sv\/wp-json\/wp\/v2\/product_cat?post=656"},{"taxonomy":"product_tag","embeddable":true,"href":"https:\/\/www.plantamed.net\/sv\/wp-json\/wp\/v2\/product_tag?post=656"}],"curies":[{"name":"wp","href":"https:\/\/api.w.org\/{rel}","templated":true}]}}