{"id":663,"date":"2025-11-08T22:07:44","date_gmt":"2025-11-08T22:07:44","guid":{"rendered":"http:\/\/www.plantamed.net\/?post_type=product&#038;p=663"},"modified":"2025-11-08T22:08:26","modified_gmt":"2025-11-08T22:08:26","slug":"refemme-plus","status":"publish","type":"product","link":"https:\/\/www.plantamed.net\/sv\/produkt\/refemme-plus\/","title":{"rendered":"REFEMME PLUS"},"content":{"rendered":"<p><b>Form: <\/b>Tabletter (90 tabletter)<\/p>\n<p><b>F\u00f6rdelar: <\/b>Lindrar klimakteriebesv\u00e4r och st\u00f6djer hormonbalans och hum\u00f6rstabilitet.<\/p>\n<p><b>Anv\u00e4ndande: <\/b>Ta dagligen f\u00f6r hormonellt st\u00f6d och emotionellt v\u00e4lbefinnande.<\/p>","protected":false},"excerpt":{"rendered":"<p><b>Form: <\/b>Tabletter (90 tabletter)<\/p>\n<p><b>F\u00f6rdelar: <\/b>Lindrar klimakteriebesv\u00e4r och st\u00f6djer hormonbalans och hum\u00f6rstabilitet.<\/p>\n<p><b>Anv\u00e4ndande: <\/b>Ta dagligen f\u00f6r hormonellt st\u00f6d och emotionellt v\u00e4lbefinnande.<\/p>","protected":false},"featured_media":207,"template":"","meta":[],"product_brand":[],"product_cat":[44],"product_tag":[],"class_list":{"0":"post-663","1":"product","2":"type-product","3":"status-publish","4":"has-post-thumbnail","6":"product_cat-ordinary-products","8":"first","9":"instock","10":"shipping-taxable","11":"purchasable","12":"product-type-simple"},"_links":{"self":[{"href":"https:\/\/www.plantamed.net\/sv\/wp-json\/wp\/v2\/product\/663","targetHints":{"allow":["GET"]}}],"collection":[{"href":"https:\/\/www.plantamed.net\/sv\/wp-json\/wp\/v2\/product"}],"about":[{"href":"https:\/\/www.plantamed.net\/sv\/wp-json\/wp\/v2\/types\/product"}],"wp:featuredmedia":[{"embeddable":true,"href":"https:\/\/www.plantamed.net\/sv\/wp-json\/wp\/v2\/media\/207"}],"wp:attachment":[{"href":"https:\/\/www.plantamed.net\/sv\/wp-json\/wp\/v2\/media?parent=663"}],"wp:term":[{"taxonomy":"product_brand","embeddable":true,"href":"https:\/\/www.plantamed.net\/sv\/wp-json\/wp\/v2\/product_brand?post=663"},{"taxonomy":"product_cat","embeddable":true,"href":"https:\/\/www.plantamed.net\/sv\/wp-json\/wp\/v2\/product_cat?post=663"},{"taxonomy":"product_tag","embeddable":true,"href":"https:\/\/www.plantamed.net\/sv\/wp-json\/wp\/v2\/product_tag?post=663"}],"curies":[{"name":"wp","href":"https:\/\/api.w.org\/{rel}","templated":true}]}}