{"id":664,"date":"2025-11-08T22:08:39","date_gmt":"2025-11-08T22:08:39","guid":{"rendered":"http:\/\/www.plantamed.net\/?post_type=product&#038;p=664"},"modified":"2025-11-18T06:49:13","modified_gmt":"2025-11-18T06:49:13","slug":"selen","status":"publish","type":"product","link":"https:\/\/www.plantamed.net\/sv\/produkt\/selen\/","title":{"rendered":"SELEN"},"content":{"rendered":"<p><b>Form: <\/b>Tabletter (90 tabletter)<\/p>\n<p><b>F\u00f6rdelar: <\/b>Antioxidant som minskar autoimmun inflammation och st\u00f6djer immunf\u00f6rsvaret.<\/p>\n<p><b>Anv\u00e4ndande: <\/b>Ta dagligen f\u00f6r immunf\u00f6rsvar och antioxidantst\u00f6d.<\/p>","protected":false},"excerpt":{"rendered":"<p><b>Form: <\/b>Tabletter (90 tabletter)<\/p>\n<p><b>F\u00f6rdelar: <\/b>Antioxidant som minskar autoimmun inflammation och st\u00f6djer immunf\u00f6rsvaret.<\/p>\n<p><b>Anv\u00e4ndande: <\/b>Ta dagligen f\u00f6r immunf\u00f6rsvar och antioxidantst\u00f6d.<\/p>","protected":false},"featured_media":208,"template":"","meta":[],"product_brand":[],"product_cat":[44],"product_tag":[],"class_list":{"0":"post-664","1":"product","2":"type-product","3":"status-publish","4":"has-post-thumbnail","6":"product_cat-ordinary-products","8":"first","9":"instock","10":"shipping-taxable","11":"purchasable","12":"product-type-simple"},"_links":{"self":[{"href":"https:\/\/www.plantamed.net\/sv\/wp-json\/wp\/v2\/product\/664","targetHints":{"allow":["GET"]}}],"collection":[{"href":"https:\/\/www.plantamed.net\/sv\/wp-json\/wp\/v2\/product"}],"about":[{"href":"https:\/\/www.plantamed.net\/sv\/wp-json\/wp\/v2\/types\/product"}],"wp:featuredmedia":[{"embeddable":true,"href":"https:\/\/www.plantamed.net\/sv\/wp-json\/wp\/v2\/media\/208"}],"wp:attachment":[{"href":"https:\/\/www.plantamed.net\/sv\/wp-json\/wp\/v2\/media?parent=664"}],"wp:term":[{"taxonomy":"product_brand","embeddable":true,"href":"https:\/\/www.plantamed.net\/sv\/wp-json\/wp\/v2\/product_brand?post=664"},{"taxonomy":"product_cat","embeddable":true,"href":"https:\/\/www.plantamed.net\/sv\/wp-json\/wp\/v2\/product_cat?post=664"},{"taxonomy":"product_tag","embeddable":true,"href":"https:\/\/www.plantamed.net\/sv\/wp-json\/wp\/v2\/product_tag?post=664"}],"curies":[{"name":"wp","href":"https:\/\/api.w.org\/{rel}","templated":true}]}}