{"id":665,"date":"2025-11-08T22:11:26","date_gmt":"2025-11-08T22:11:26","guid":{"rendered":"http:\/\/www.plantamed.net\/?post_type=product&#038;p=665"},"modified":"2025-11-08T22:12:08","modified_gmt":"2025-11-08T22:12:08","slug":"vitamin-c","status":"publish","type":"product","link":"https:\/\/www.plantamed.net\/sv\/produkt\/vitamin-c\/","title":{"rendered":"C-vitamin"},"content":{"rendered":"<p><b>Form: <\/b>Tabletter (90 tabletter)<\/p>\n<p><b>F\u00f6rdelar: <\/b>St\u00e4rker ben, leder och blodk\u00e4rl; f\u00f6rebygger f\u00f6rkylningar och st\u00f6djer kollagenbildning.<\/p>\n<p><b>Anv\u00e4ndande: <\/b>Ta dagligen f\u00f6r att st\u00e4rka immuniteten och bibeh\u00e5lla en frisk hud.<\/p>","protected":false},"excerpt":{"rendered":"<p><b>Form: <\/b>Tabletter (90 tabletter)<\/p>\n<p><b>F\u00f6rdelar: <\/b>St\u00e4rker ben, leder och blodk\u00e4rl; f\u00f6rebygger f\u00f6rkylningar och st\u00f6djer kollagenbildning.<\/p>\n<p><b>Anv\u00e4ndande: <\/b>Ta dagligen f\u00f6r att st\u00e4rka immuniteten och bibeh\u00e5lla en frisk hud.<\/p>","protected":false},"featured_media":210,"template":"","meta":[],"product_brand":[],"product_cat":[44],"product_tag":[],"class_list":{"0":"post-665","1":"product","2":"type-product","3":"status-publish","4":"has-post-thumbnail","6":"product_cat-ordinary-products","8":"first","9":"instock","10":"shipping-taxable","11":"purchasable","12":"product-type-simple"},"_links":{"self":[{"href":"https:\/\/www.plantamed.net\/sv\/wp-json\/wp\/v2\/product\/665","targetHints":{"allow":["GET"]}}],"collection":[{"href":"https:\/\/www.plantamed.net\/sv\/wp-json\/wp\/v2\/product"}],"about":[{"href":"https:\/\/www.plantamed.net\/sv\/wp-json\/wp\/v2\/types\/product"}],"wp:featuredmedia":[{"embeddable":true,"href":"https:\/\/www.plantamed.net\/sv\/wp-json\/wp\/v2\/media\/210"}],"wp:attachment":[{"href":"https:\/\/www.plantamed.net\/sv\/wp-json\/wp\/v2\/media?parent=665"}],"wp:term":[{"taxonomy":"product_brand","embeddable":true,"href":"https:\/\/www.plantamed.net\/sv\/wp-json\/wp\/v2\/product_brand?post=665"},{"taxonomy":"product_cat","embeddable":true,"href":"https:\/\/www.plantamed.net\/sv\/wp-json\/wp\/v2\/product_cat?post=665"},{"taxonomy":"product_tag","embeddable":true,"href":"https:\/\/www.plantamed.net\/sv\/wp-json\/wp\/v2\/product_tag?post=665"}],"curies":[{"name":"wp","href":"https:\/\/api.w.org\/{rel}","templated":true}]}}