{"id":666,"date":"2025-11-08T22:12:27","date_gmt":"2025-11-08T22:12:27","guid":{"rendered":"http:\/\/www.plantamed.net\/?post_type=product&#038;p=666"},"modified":"2025-11-08T22:14:57","modified_gmt":"2025-11-08T22:14:57","slug":"vitamin-e","status":"publish","type":"product","link":"https:\/\/www.plantamed.net\/sv\/produkt\/vitamin-e\/","title":{"rendered":"E-vitamin"},"content":{"rendered":"<p><b>Form: <\/b>Tabletter (60 tabletter)<\/p>\n<p><b>F\u00f6rdelar: <\/b>Anti-aging vitamin som st\u00f6djer fertilitet och hj\u00e4rth\u00e4lsa.<\/p>\n<p><b>Anv\u00e4ndande: <\/b>Ta dagligen f\u00f6r antioxidantskydd och hormonbalans.<\/p>","protected":false},"excerpt":{"rendered":"<p><b>Form: <\/b>Tabletter (60 tabletter)<\/p>\n<p><b>F\u00f6rdelar: <\/b>Anti-aging vitamin som st\u00f6djer fertilitet och hj\u00e4rth\u00e4lsa.<\/p>\n<p><b>Anv\u00e4ndande: <\/b>Ta dagligen f\u00f6r antioxidantskydd och hormonbalans.<\/p>","protected":false},"featured_media":212,"template":"","meta":[],"product_brand":[],"product_cat":[44],"product_tag":[],"class_list":{"0":"post-666","1":"product","2":"type-product","3":"status-publish","4":"has-post-thumbnail","6":"product_cat-ordinary-products","8":"first","9":"instock","10":"shipping-taxable","11":"purchasable","12":"product-type-simple"},"_links":{"self":[{"href":"https:\/\/www.plantamed.net\/sv\/wp-json\/wp\/v2\/product\/666","targetHints":{"allow":["GET"]}}],"collection":[{"href":"https:\/\/www.plantamed.net\/sv\/wp-json\/wp\/v2\/product"}],"about":[{"href":"https:\/\/www.plantamed.net\/sv\/wp-json\/wp\/v2\/types\/product"}],"wp:featuredmedia":[{"embeddable":true,"href":"https:\/\/www.plantamed.net\/sv\/wp-json\/wp\/v2\/media\/212"}],"wp:attachment":[{"href":"https:\/\/www.plantamed.net\/sv\/wp-json\/wp\/v2\/media?parent=666"}],"wp:term":[{"taxonomy":"product_brand","embeddable":true,"href":"https:\/\/www.plantamed.net\/sv\/wp-json\/wp\/v2\/product_brand?post=666"},{"taxonomy":"product_cat","embeddable":true,"href":"https:\/\/www.plantamed.net\/sv\/wp-json\/wp\/v2\/product_cat?post=666"},{"taxonomy":"product_tag","embeddable":true,"href":"https:\/\/www.plantamed.net\/sv\/wp-json\/wp\/v2\/product_tag?post=666"}],"curies":[{"name":"wp","href":"https:\/\/api.w.org\/{rel}","templated":true}]}}