{"id":668,"date":"2025-11-08T22:16:28","date_gmt":"2025-11-08T22:16:28","guid":{"rendered":"http:\/\/www.plantamed.net\/?post_type=product&#038;p=668"},"modified":"2025-11-18T06:50:45","modified_gmt":"2025-11-18T06:50:45","slug":"solidago","status":"publish","type":"product","link":"https:\/\/www.plantamed.net\/sv\/produkt\/solidago\/","title":{"rendered":"SOLIDAGO"},"content":{"rendered":"<p><b>Form: <\/b>Tabletter (90 tabletter)<\/p>\n<p><b>F\u00f6rdelar: <\/b>Fungerar som ett diuretikum och fr\u00e4mjar urin- och v\u00e4tskeuts\u00f6ndring f\u00f6r njur- och urinv\u00e4gsh\u00e4lsa.<\/p>\n<p><b>Anv\u00e4ndande: <\/b>Ta en g\u00e5ng dagligen f\u00f6r avgiftning och urinbalans.<\/p>","protected":false},"excerpt":{"rendered":"<p><b>Form: <\/b>Tabletter (90 tabletter)<\/p>\n<p><b>F\u00f6rdelar: <\/b>Fungerar som ett diuretikum och fr\u00e4mjar urin- och v\u00e4tskeuts\u00f6ndring f\u00f6r njur- och urinv\u00e4gsh\u00e4lsa.<\/p>\n<p><b>Anv\u00e4ndande: <\/b>Ta en g\u00e5ng dagligen f\u00f6r avgiftning och urinbalans.<\/p>","protected":false},"featured_media":209,"template":"","meta":[],"product_brand":[],"product_cat":[44],"product_tag":[],"class_list":{"0":"post-668","1":"product","2":"type-product","3":"status-publish","4":"has-post-thumbnail","6":"product_cat-ordinary-products","8":"first","9":"instock","10":"shipping-taxable","11":"purchasable","12":"product-type-simple"},"_links":{"self":[{"href":"https:\/\/www.plantamed.net\/sv\/wp-json\/wp\/v2\/product\/668","targetHints":{"allow":["GET"]}}],"collection":[{"href":"https:\/\/www.plantamed.net\/sv\/wp-json\/wp\/v2\/product"}],"about":[{"href":"https:\/\/www.plantamed.net\/sv\/wp-json\/wp\/v2\/types\/product"}],"wp:featuredmedia":[{"embeddable":true,"href":"https:\/\/www.plantamed.net\/sv\/wp-json\/wp\/v2\/media\/209"}],"wp:attachment":[{"href":"https:\/\/www.plantamed.net\/sv\/wp-json\/wp\/v2\/media?parent=668"}],"wp:term":[{"taxonomy":"product_brand","embeddable":true,"href":"https:\/\/www.plantamed.net\/sv\/wp-json\/wp\/v2\/product_brand?post=668"},{"taxonomy":"product_cat","embeddable":true,"href":"https:\/\/www.plantamed.net\/sv\/wp-json\/wp\/v2\/product_cat?post=668"},{"taxonomy":"product_tag","embeddable":true,"href":"https:\/\/www.plantamed.net\/sv\/wp-json\/wp\/v2\/product_tag?post=668"}],"curies":[{"name":"wp","href":"https:\/\/api.w.org\/{rel}","templated":true}]}}