{"id":669,"date":"2025-11-08T22:18:12","date_gmt":"2025-11-08T22:18:12","guid":{"rendered":"http:\/\/www.plantamed.net\/?post_type=product&#038;p=669"},"modified":"2025-11-08T22:19:00","modified_gmt":"2025-11-08T22:19:00","slug":"prostamin","status":"publish","type":"product","link":"https:\/\/www.plantamed.net\/sv\/produkt\/prostamin\/","title":{"rendered":"PROSTAMIN"},"content":{"rendered":"<p><b>Form: <\/b>Tabletter (90 tabletter)<\/p>\n<p><b>F\u00f6rdelar: <\/b>St\u00f6djer bl\u00e5sans och prostatans h\u00e4lsa.<\/p>\n<p><b>Anv\u00e4ndande: <\/b>Ta dagligen f\u00f6r att bibeh\u00e5lla prostatafunktion och komfort<\/p>","protected":false},"excerpt":{"rendered":"<p><b>Form: <\/b>Tabletter (90 tabletter)<\/p>\n<p><b>F\u00f6rdelar: <\/b>St\u00f6djer bl\u00e5sans och prostatans h\u00e4lsa.<\/p>\n<p><b>Anv\u00e4ndande: <\/b>Ta dagligen f\u00f6r att bibeh\u00e5lla prostatafunktion och komfort<\/p>","protected":false},"featured_media":204,"template":"","meta":[],"product_brand":[],"product_cat":[44],"product_tag":[],"class_list":{"0":"post-669","1":"product","2":"type-product","3":"status-publish","4":"has-post-thumbnail","6":"product_cat-ordinary-products","8":"first","9":"instock","10":"shipping-taxable","11":"purchasable","12":"product-type-simple"},"_links":{"self":[{"href":"https:\/\/www.plantamed.net\/sv\/wp-json\/wp\/v2\/product\/669","targetHints":{"allow":["GET"]}}],"collection":[{"href":"https:\/\/www.plantamed.net\/sv\/wp-json\/wp\/v2\/product"}],"about":[{"href":"https:\/\/www.plantamed.net\/sv\/wp-json\/wp\/v2\/types\/product"}],"wp:featuredmedia":[{"embeddable":true,"href":"https:\/\/www.plantamed.net\/sv\/wp-json\/wp\/v2\/media\/204"}],"wp:attachment":[{"href":"https:\/\/www.plantamed.net\/sv\/wp-json\/wp\/v2\/media?parent=669"}],"wp:term":[{"taxonomy":"product_brand","embeddable":true,"href":"https:\/\/www.plantamed.net\/sv\/wp-json\/wp\/v2\/product_brand?post=669"},{"taxonomy":"product_cat","embeddable":true,"href":"https:\/\/www.plantamed.net\/sv\/wp-json\/wp\/v2\/product_cat?post=669"},{"taxonomy":"product_tag","embeddable":true,"href":"https:\/\/www.plantamed.net\/sv\/wp-json\/wp\/v2\/product_tag?post=669"}],"curies":[{"name":"wp","href":"https:\/\/api.w.org\/{rel}","templated":true}]}}