{"id":670,"date":"2025-11-08T22:19:18","date_gmt":"2025-11-08T22:19:18","guid":{"rendered":"http:\/\/www.plantamed.net\/?post_type=product&#038;p=670"},"modified":"2025-11-18T06:50:25","modified_gmt":"2025-11-18T06:50:25","slug":"phytolakt","status":"publish","type":"product","link":"https:\/\/www.plantamed.net\/sv\/produkt\/phytolakt\/","title":{"rendered":"PHYTOLAKT"},"content":{"rendered":"<p><b>Form: <\/b>\u00d6rtte (150 g)<\/p>\n<p><b>F\u00f6rdelar: <\/b>Lugnar mage och tarmar och fr\u00e4mjar en h\u00e4lsosam matsm\u00e4ltning.<\/p>\n<p><b>Anv\u00e4ndande: <\/b>Brygg 1\u20132 teskedar i varmt vatten dagligen.<\/p>","protected":false},"excerpt":{"rendered":"<p><b>Form: <\/b>\u00d6rtte (150 g)<\/p>\n<p><b>F\u00f6rdelar: <\/b>Lugnar mage och tarmar och fr\u00e4mjar en h\u00e4lsosam matsm\u00e4ltning.<\/p>\n<p><b>Anv\u00e4ndande: <\/b>Brygg 1\u20132 teskedar i varmt vatten dagligen.<\/p>","protected":false},"featured_media":202,"template":"","meta":[],"product_brand":[],"product_cat":[44],"product_tag":[],"class_list":{"0":"post-670","1":"product","2":"type-product","3":"status-publish","4":"has-post-thumbnail","6":"product_cat-ordinary-products","8":"first","9":"instock","10":"shipping-taxable","11":"purchasable","12":"product-type-simple"},"_links":{"self":[{"href":"https:\/\/www.plantamed.net\/sv\/wp-json\/wp\/v2\/product\/670","targetHints":{"allow":["GET"]}}],"collection":[{"href":"https:\/\/www.plantamed.net\/sv\/wp-json\/wp\/v2\/product"}],"about":[{"href":"https:\/\/www.plantamed.net\/sv\/wp-json\/wp\/v2\/types\/product"}],"wp:featuredmedia":[{"embeddable":true,"href":"https:\/\/www.plantamed.net\/sv\/wp-json\/wp\/v2\/media\/202"}],"wp:attachment":[{"href":"https:\/\/www.plantamed.net\/sv\/wp-json\/wp\/v2\/media?parent=670"}],"wp:term":[{"taxonomy":"product_brand","embeddable":true,"href":"https:\/\/www.plantamed.net\/sv\/wp-json\/wp\/v2\/product_brand?post=670"},{"taxonomy":"product_cat","embeddable":true,"href":"https:\/\/www.plantamed.net\/sv\/wp-json\/wp\/v2\/product_cat?post=670"},{"taxonomy":"product_tag","embeddable":true,"href":"https:\/\/www.plantamed.net\/sv\/wp-json\/wp\/v2\/product_tag?post=670"}],"curies":[{"name":"wp","href":"https:\/\/api.w.org\/{rel}","templated":true}]}}