{"id":697,"date":"2025-11-08T22:43:54","date_gmt":"2025-11-08T22:43:54","guid":{"rendered":"http:\/\/www.plantamed.net\/?post_type=product&#038;p=697"},"modified":"2026-03-31T08:09:24","modified_gmt":"2026-03-31T08:09:24","slug":"co-q10-energikalla","status":"publish","type":"product","link":"https:\/\/www.plantamed.net\/sv\/produkt\/co-q10-energikalla\/","title":{"rendered":"Co Q10 Energikalla"},"content":{"rendered":"<p><b>F\u00f6rdelar: <\/b>Ett energitillskott, ett omfattande anti-aging-system med &quot;Energi + F\u00f6rsvar&quot;. &quot;T\u00e4nder och ger energi&quot; till cellerna genom Q10, vilket f\u00f6rb\u00e4ttrar den inre vitaliteten och bygger en stark &quot;antioxidantsk\u00f6ld&quot; genom selenberikad Cordyceps chanhua, vilket skyddar resultaten och optimerar den inre milj\u00f6n.<\/p>\n<p><strong>Directions:<\/strong> Take 1-2 capsules daily with warm water. It is recommended to take with meals to promote absorption. Do not exceed the recommended daily dosage.<\/p>\n<p><strong>Net Content:<\/strong> 60 capsules per bottle<\/p>","protected":false},"excerpt":{"rendered":"<p><b>F\u00f6rdelar: <\/b>Ett energitillskott, ett omfattande anti-aging-system med &quot;Energi + F\u00f6rsvar&quot;. &quot;T\u00e4nder och ger energi&quot; till cellerna genom Q10, vilket f\u00f6rb\u00e4ttrar den inre vitaliteten och bygger en stark &quot;antioxidantsk\u00f6ld&quot; genom selenberikad Cordyceps chanhua, vilket skyddar resultaten och optimerar den inre milj\u00f6n.<\/p>\n<p><strong>Directions:<\/strong> Take 1-2 capsules daily with warm water. It is recommended to take with meals to promote absorption. Do not exceed the recommended daily dosage.<\/p>\n<p><strong>Net Content:<\/strong> 60 capsules per bottle<\/p>","protected":false},"featured_media":690,"template":"","meta":[],"product_brand":[],"product_cat":[46,45],"product_tag":[],"class_list":{"0":"post-697","1":"product","2":"type-product","3":"status-publish","4":"has-post-thumbnail","6":"product_cat-anti-aging","7":"product_cat-new-product-line","9":"first","10":"instock","11":"shipping-taxable","12":"purchasable","13":"product-type-simple"},"_links":{"self":[{"href":"https:\/\/www.plantamed.net\/sv\/wp-json\/wp\/v2\/product\/697","targetHints":{"allow":["GET"]}}],"collection":[{"href":"https:\/\/www.plantamed.net\/sv\/wp-json\/wp\/v2\/product"}],"about":[{"href":"https:\/\/www.plantamed.net\/sv\/wp-json\/wp\/v2\/types\/product"}],"wp:featuredmedia":[{"embeddable":true,"href":"https:\/\/www.plantamed.net\/sv\/wp-json\/wp\/v2\/media\/690"}],"wp:attachment":[{"href":"https:\/\/www.plantamed.net\/sv\/wp-json\/wp\/v2\/media?parent=697"}],"wp:term":[{"taxonomy":"product_brand","embeddable":true,"href":"https:\/\/www.plantamed.net\/sv\/wp-json\/wp\/v2\/product_brand?post=697"},{"taxonomy":"product_cat","embeddable":true,"href":"https:\/\/www.plantamed.net\/sv\/wp-json\/wp\/v2\/product_cat?post=697"},{"taxonomy":"product_tag","embeddable":true,"href":"https:\/\/www.plantamed.net\/sv\/wp-json\/wp\/v2\/product_tag?post=697"}],"curies":[{"name":"wp","href":"https:\/\/api.w.org\/{rel}","templated":true}]}}